{"id":86684,"date":"2021-10-11T10:42:26","date_gmt":"2021-10-11T09:42:26","guid":{"rendered":"https:\/\/marbellabanussuites.com\/legal-notice\/"},"modified":"2021-10-11T10:42:26","modified_gmt":"2021-10-11T09:42:26","slug":"legal-notice","status":"publish","type":"page","link":"https:\/\/marbellabanussuites.com\/fr\/legal-notice\/","title":{"rendered":"Legal Notice"},"content":{"rendered":"<p>LEGAL NOTICE<br \/>\nIn compliance with the duty of providing information contained in article 10 of Act 34\/2002, of July 11, Services of the Information Society and Electronic Commerce (LSSICE), the owner of the website informs you of the following:<\/p>\n<p>Corporate name: MBS Suites Marbella SL<br \/>\nNIF: B42810853<br \/>\nAddress: C \/ Conjunto Hacienda El Palmeral, Fase 2 15, 29660 &#8211; Marbella (M\u00e1laga)<\/p>\n<p>Registered in the Mercantile Registry of Malaga in Volume 4913, folio 1, section 8, page number 159202, entry 1<br \/>\nAs per the limits established by law, MBS Suites Marbella SL does not assume any responsibility derived from the lack of veracity, integrity, updating and accuracy of the data or information contained in its web pages.<\/p>\n<p>The contents and information do not bind MBS Suites Marbella SL nor do they constitute opinions, advice or legal advice of any kind as it is merely a service offered for informational purposes.<\/p>\n<p>The web pages of MBS Suites Marbella SL may contain links to other third-party pages that MBS Suites Marbella SL cannot control. Therefore, MBS Suites Marbella SL cannot assume responsibility for the content that may appear on third party pages.<\/p>\n<p>The texts, images, sounds, animations, software and the rest of the content included in this website are the exclusive property of MBS Suites Marbella SL or its licensors. Any act of transmission, distribution, assignment, reproduction, storage or total or partial public communication must have the express consent of MBS Suites Marbella SL.<\/p>\n<p>Similarly, in order to access some of the services that MBS Suites Marbella SL offers through the website, you must provide some personal data. In compliance with the provisions of Regulation (EU) 2016\/679 of the European Parliament and of the Council, of April 27, 2016, regarding the protection of natural persons with regard to the processing of personal data and the free movement of these data we inform you that, by filling in these forms, your personal data will be incorporated and processed in the files of MBS Suites Marbella SL in order to be able to provide and offer our services as well as to inform you of the improvements of the website .<\/p>\n<p>We also inform you that you will have the possibility at any time to exercise the right of access, rectification, cancellation, opposition, limitation and portability of your personal data, free of charge by sending an email to: info@marbellabanussuites.com or at the address : C \/ Conjunto Hacienda El Palmeral, Fase 2 15, 29660 &#8211; Marbella (M\u00e1laga).<\/p>\n<p>REV: 5-7-2021<\/p>\n<p>AVISO LEGAL<\/p>\n<p>En cumplimiento con el deber de informaci\u00f3n recogido en art\u00edculo 10 de la Ley 34\/2002, de 11 de julio, de Servicios de la Sociedad de la Informaci\u00f3n y del Comercio Electr\u00f3nico (LSSICE), el propietario de la web , le informa de lo siguiente:<\/p>\n<p>\u2022 Denominaci\u00f3n social: MBS Suites Marbella S.L.<br \/>\n\u2022 NIF: B42810853<br \/>\n\u2022 Domicilio: C\/ Conjunto Hacienda El Palmeral, Fase 2 15, 29660 &#8211; Marbella (M\u00e1laga)<\/p>\n<p>Inscrita en el Registro Mercantil de Malaga al Tomo 4913, folio 1, secci\u00f3n 8, hoja n\u00famero 159202, inscripci\u00f3n 1<br \/>\nCon los l\u00edmites establecidos en la ley, MBS Suites Marbella S.L. no asume ninguna responsabilidad derivada de la falta de veracidad, integridad, actualizaci\u00f3n y precisi\u00f3n de los datos o informaciones que contienen sus p\u00e1ginas web.<\/p>\n<p>Los contenidos e informaci\u00f3n no vinculan a MBS Suites Marbella S.L. ni constituyen opiniones, consejos o asesoramiento legal de ning\u00fan tipo pues se trata meramente de un servicio ofrecido con car\u00e1cter informativo y divulgativo.<\/p>\n<p>Las p\u00e1ginas de Internet de MBS Suites Marbella S.L. pueden contener enlaces (links) a otras p\u00e1ginas de terceras partes que MBS Suites Marbella S.L. no puede controlar. Por lo tanto, MBS Suites Marbella S.L. no puede asumir responsabilidades por el contenido que pueda aparecer en p\u00e1ginas de terceros.<br \/>\nLos textos, im\u00e1genes, sonidos, animaciones, software y el resto de contenidos incluidos en este website son propiedad exclusiva de MBS Suites Marbella S.L. o sus licenciantes. Cualquier acto de transmisi\u00f3n, distribuci\u00f3n, cesi\u00f3n, reproducci\u00f3n, almacenamiento o comunicaci\u00f3n p\u00fablica total o parcial, deber\u00e1 contar con el consentimiento expreso de MBS Suites Marbella S.L..<\/p>\n<p>Asimismo, para acceder a algunos de los servicios que MBS Suites Marbella S.L. ofrece a trav\u00e9s del sitio web, deber\u00e1 proporcionar algunos datos de car\u00e1cter personal. En cumplimiento de lo establecido en el Reglamento (UE) 2016\/679 del Parlamento Europeo y del Consejo, de 27 de abril de 2016, relativo a la protecci\u00f3n de las personas f\u00edsicas en lo que respecta al tratamiento de datos personales y a la libre circulaci\u00f3n de estos datos le informamos que, mediante la cumplimentaci\u00f3n de los presentes formularios, sus datos personales quedar\u00e1n incorporados y ser\u00e1n tratados en los ficheros de MBS Suites Marbella S.L. con el fin de poderle prestar y ofrecer nuestros servicios as\u00ed como para informarle de las mejoras del sitio Web.<br \/>\nLe informamos tambi\u00e9n de que tendr\u00e1 la posibilidad en todo momento de ejercer los derechos de acceso, rectificaci\u00f3n, cancelaci\u00f3n, oposici\u00f3n, limitaci\u00f3n y portabilidad de sus datos de car\u00e1cter personal, de manera gratuita mediante email a: info@marbellabanussuites.com o en la direcci\u00f3n: C\/ Conjunto Hacienda El Palmeral, Fase 2 15, 29660 &#8211; Marbella (M\u00e1laga).<br \/>\nREV: 5-7-2021<\/p>\n","protected":false},"excerpt":{"rendered":"<p>LEGAL NOTICE In compliance with the duty of providing information contained in article 10 of Act 34\/2002, of July 11, Services of the Information Society and Electronic Commerce (LSSICE), the owner of the website informs you of the following: Corporate name: MBS Suites Marbella SL NIF: B42810853 Address: C \/ Conjunto Hacienda El Palmeral, Fase &#8230;<\/p>\n","protected":false},"author":1,"featured_media":0,"parent":0,"menu_order":0,"comment_status":"closed","ping_status":"closed","template":"","meta":{"inline_featured_image":false,"_joinchat":[],"footnotes":""},"class_list":["post-86684","page","type-page","status-publish","hentry"],"_links":{"self":[{"href":"https:\/\/marbellabanussuites.com\/fr\/wp-json\/wp\/v2\/pages\/86684","targetHints":{"allow":["GET"]}}],"collection":[{"href":"https:\/\/marbellabanussuites.com\/fr\/wp-json\/wp\/v2\/pages"}],"about":[{"href":"https:\/\/marbellabanussuites.com\/fr\/wp-json\/wp\/v2\/types\/page"}],"author":[{"embeddable":true,"href":"https:\/\/marbellabanussuites.com\/fr\/wp-json\/wp\/v2\/users\/1"}],"replies":[{"embeddable":true,"href":"https:\/\/marbellabanussuites.com\/fr\/wp-json\/wp\/v2\/comments?post=86684"}],"version-history":[{"count":0,"href":"https:\/\/marbellabanussuites.com\/fr\/wp-json\/wp\/v2\/pages\/86684\/revisions"}],"wp:attachment":[{"href":"https:\/\/marbellabanussuites.com\/fr\/wp-json\/wp\/v2\/media?parent=86684"}],"curies":[{"name":"wp","href":"https:\/\/api.w.org\/{rel}","templated":true}]}}