{"id":86682,"date":"2021-10-11T10:53:40","date_gmt":"2021-10-11T09:53:40","guid":{"rendered":"https:\/\/marbellabanussuites.com\/cookies\/"},"modified":"2021-10-11T10:53:40","modified_gmt":"2021-10-11T09:53:40","slug":"cookies","status":"publish","type":"page","link":"https:\/\/marbellabanussuites.com\/fr\/cookies\/","title":{"rendered":"Cookies"},"content":{"rendered":"<p><strong>Cookies policy<\/strong><\/p>\n<p>MBS Suites Marbella SL informs about the use of cookies on its website: www.marbellabanussuites.com<br \/>\n<strong><br \/>\nWhat are cookies?<\/strong><\/p>\n<p>Cookies are files that can be downloaded to your computer through web pages. They are tools that play an essential role in the provision of numerous information society services. Among other functions, they allow a web page to store and retrieve information about the browsing habits of a user or their equipment and, depending on the information obtained, they can be used to recognize the user and improve the service offered.<br \/>\n<strong><br \/>\nTypes of cookies<\/strong><\/p>\n<p>Depending on who the entity is that manages the domain from which the cookies are sent and how they treat the data obtained, two types of cookies can be distinguished:<\/p>\n<p>Proprietary cookies: Those that are sent to the user&rsquo;s terminal equipment from a computer or domain managed by the editor and from which the service requested by the user is provided.<br \/>\nThird-party cookies: Those that are sent to the user&rsquo;s terminal equipment from a computer or domain that is not managed by the editor, but by another entity that processes the data obtained through cookies.<\/p>\n<p>In the event that cookies are installed from a computer or domain managed by the editor but the information collected through them is managed by a third party, they cannot be considered as proprietary cookies.<\/p>\n<p>There is also a second classification according to the period of time that they remain stored in the client&rsquo;s browser, which may be:<\/p>\n<p>Session cookies: Designed to collect and store data while the user accesses a web page. They are usually used to store information for the provision of the service requested by the user on a single occasion (e.g. a list of products purchased).<br \/>\nPersistent cookies: The data will remain stored in the terminal and can be accessed and processed during a period defined by the person responsible for the cookie, which can range from a few minutes to several years.<\/p>\n<p>Finally, there is another classification with six types of cookies according to the purpose for which the data obtained is processed:<\/p>\n<p>Technical cookies: These allow the user to navigate through a web page, platform or application and the use of the different options or services that exist in it, such as, controlling traffic and data communication, identifying the session, accessing areas with restricted access, remembering the elements that make up an order, carrying out the process of purchasing an order, making a request for registration or participation in an event, using security elements while browsing, storing content for the dissemination of videos or sound or sharing content through social networks.<\/p>\n<p>Customization cookies: They allow the user to access the service with some predefined general characteristics based on a series of criteria in the user&rsquo;s terminal, such as the language, the type of browser through which the service is accessed, the regional configuration from where you access the service, etc.<\/p>\n<p>Analysis cookies: They allow the person responsible for them to monitor and analyze the behavior of the users of the websites to which they are linked. The information collected through this type of cookies is used to measure the activity of the websites, application or platform and to create navigation profiles of the users of those sites, applications and platforms, in order to introduce improvements based on the analysis of use of the service.<\/p>\n<p>Advertising cookies: They allow the management of the advertising spaces in the most efficient way possible.<\/p>\n<p>Behavioral advertising cookies: They store information on the behavior of users obtained through the continuous observation of their browsing habits, which allows the development of a specific profile to display advertising based on it.<br \/>\nCookies from external social networks: They are used so that visitors can interact with the content of different social platforms (facebook, youtube, twitter, linkedIn, etc.) and they are generated only for users of those social networks. The conditions of use of these cookies and the information collected are regulated by the privacy policy of each social platform.<\/p>\n<p><strong>Deactivation and elimination of cookies<\/strong><\/p>\n<p>You have the option to allow, block or delete the cookies installed on your computer by configuring the options of the browser installed on your computer. By deactivating cookies, some of the available services may cease to be operational. The way to disable cookies is different for each browser, but it can usually be done from the Tools or Options menu. You can also refer to the Help menu of the browser where you can find instructions. The user may at any time choose which cookies he wants to operate on this website.<\/p>\n<p>You can allow, block or delete the cookies installed on your computer by configuring the browser options installed on your computer:<\/p>\n<p>Microsoft Internet Explorer or Microsoft Edge: https:\/\/windows.microsoft.com\/es-es\/windows-vista\/Block-or-allow-cookies<br \/>\nMozilla Firefox: https:\/\/support.mozilla.org\/es\/kb\/impedir-que-los-sitios-web-guarden-sus-preferencia<br \/>\nChrome: https:\/\/support.google.com\/accounts\/answer\/61416?hl=es<br \/>\nSafari: https:\/\/safari.helpmax.net\/es\/privacidad-y-seguridad\/como-gestionar-las-cookies\/<br \/>\nOpera: https:\/\/help.opera.com\/Linux\/10.60\/es-ES\/cookies.html<\/p>\n<p>In addition, you can manage the storage of cookie in your browser through tools such as the following:<br \/>\nGhostery: www.ghostery.com<br \/>\nYour Online Choices: www.youronlinechoices.com\/es\/<\/p>\n<p><strong>Cookies used in www.marbellabanussuites.com<\/strong><\/p>\n<p>The cookies that are being used in this website as well as their type and function are identified below:<br \/>\nCookie Name:<br \/>\nType:<br \/>\nFunction:<br \/>\nExpiry time:<\/p>\n<p>_ga<br \/>\n.marbellabanussuites.com<\/p>\n<p>Analytics<\/p>\n<p>The _ga cookie, installed by Google Analytics, calculates visitor, session and campaign data and also keeps track of site usage for the site&rsquo;s analytics report. The cookie stores information anonymously and assigns a randomly generated number to recognize unique visitors.<\/p>\n<p>2 years<\/p>\n<p>_gid<br \/>\n.marbellabanussuites.com<\/p>\n<p>Analytics<\/p>\n<p>Installed by Google Analytics, _gid cookie stores information on how visitors use a website, while also creating an analytics report of the website&rsquo;s performance. Some of the data that are collected include the number of visitors, their source, and the pages they visit anonymously.<\/p>\n<p>1 day<\/p>\n<p>vuid<br \/>\n.vimeo.com<\/p>\n<p>Analytics<\/p>\n<p>Vimeo installs this cookie to collect tracking information by setting a unique ID to embed videos to the website.<\/p>\n<p>2 years<\/p>\n<p>PHPSESSID<br \/>\nmarbellabanussuites.com<\/p>\n<p>Necessary<\/p>\n<p>This cookie is native to PHP applications. The cookie is used to store and identify a users&rsquo; unique session ID for the purpose of managing user session on the website. The cookie is a session cookies and is deleted when all the browser windows are closed.<\/p>\n<p>session<br \/>\ncookielawinfo-checkbox-necessary<br \/>\nmarbellabanussuites.com<\/p>\n<p>Necessary<br \/>\nSet by the GDPR Cookie Consent plugin, this cookie is used to record the user consent for the cookies in the \u00ab\u00a0Necessary\u00a0\u00bb category .<\/p>\n<p>1 year<\/p>\n<p>cookielawinfo-checkbox-performance<br \/>\nmarbellabanussuites.com<\/p>\n<p>Necessary<\/p>\n<p>Set by the GDPR Cookie Consent plugin, this cookie is used to store the user consent for cookies in the category \u00ab\u00a0Performance\u00a0\u00bb.<\/p>\n<p>1 year<\/p>\n<p>cookielawinfo-checkbox-analytics<br \/>\nmarbellabanussuites.com<\/p>\n<p>Necessary<\/p>\n<p>Set by the GDPR Cookie Consent plugin, this cookie is used to record the user consent for the cookies in the \u00ab\u00a0Analytics\u00a0\u00bb category .<\/p>\n<p>1 year<\/p>\n<p>cookielawinfo-checkbox-advertisement<br \/>\nmarbellabanussuites.com<\/p>\n<p>Necessary<\/p>\n<p>Set by the GDPR Cookie Consent plugin, this cookie is used to record the user consent for the cookies in the \u00ab\u00a0Advertisement\u00a0\u00bb category .<\/p>\n<p>1 year<\/p>\n<p>cookielawinfo-checkbox-others<br \/>\nmarbellabanussuites.com<\/p>\n<p>Necessary<\/p>\n<p>Set by the GDPR Cookie Consent plugin, this cookie is used to store the user consent for cookies in the category \u00ab\u00a0Others\u00a0\u00bb.<\/p>\n<p>1 year<\/p>\n<p>cookielawinfo-checkbox-functional<br \/>\nmarbellabanussuites.com<\/p>\n<p>Other<\/p>\n<p>The cookie is set by GDPR cookie consent to record the user consent for the cookies in the category \u00ab\u00a0Functional\u00a0\u00bb.<\/p>\n<p>1 year<\/p>\n<p>_gat<br \/>\n.marbellabanussuites.com<\/p>\n<p>Performance<\/p>\n<p>This cookie is installed by Google Universal Analytics to restrain request rate and thus limit the collection of data on high traffic sites.<br \/>\n1 minute<\/p>\n<p>www.marbellabanussuites.com displays information about its Cookies Policy at the bottom or top of any web page each time you login.<br \/>\nGiven this information, it is possible to carry out the following actions:<br \/>\nAccept cookies: This notice will not be displayed again when accessing any page of the portal during this session.<br \/>\nModify \/ customize your configuration: You can obtain more information about what cookies are, know the Cookies<\/p>\n<p>Policy of: www.marbellabanussuites.com and modify the configuration of your browser.<\/p>\n<p>REV: 20.3009<\/p>\n<p class=\"p1\"><b>Pol\u00edtica de cookies<\/b><\/p>\n<p class=\"p2\">MBS Suites Marbella S.L. informa acerca del uso de las cookies en su p\u00e1gina web: www.marbellabanussuites.com<\/p>\n<p class=\"p2\"><b>\u00bfQu\u00e9 son las cookies?<\/b><\/p>\n<p class=\"p2\">Las cookies son archivos que se pueden descargar en su equipo a trav\u00e9s de las p\u00e1ginas web. Son herramientas que tienen un papel esencial para la prestaci\u00f3n de numerosos servicios de la sociedad de la informaci\u00f3n. Entre otros, permiten a una p\u00e1gina web almacenar y recuperar informaci\u00f3n sobre los h\u00e1bitos de navegaci\u00f3n de un usuario o de su equipo y, dependiendo de la informaci\u00f3n obtenida, se pueden utilizar para reconocer al usuario y mejorar el servicio ofrecido.<\/p>\n<p class=\"p2\"><b>Tipos de cookies<\/b><\/p>\n<p class=\"p2\">Seg\u00fan quien sea la entidad que gestione el dominio desde donde se env\u00edan las cookies y trate los datos que se obtengan se pueden distinguir dos tipos:<\/p>\n<ul class=\"ul1\">\n<li class=\"li3\">Cookies propias: Aqu\u00e9llas que se env\u00edan al equipo terminal del usuario desde un equipo o dominio gestionado por el propio editor y desde el que se presta el servicio solicitado por el usuario.<\/li>\n<li class=\"li3\">Cookies de terceros: Aqu\u00e9llas que se env\u00edan al equipo terminal del usuario desde un equipo o dominio que no es gestionado por el editor, sino por otra entidad que trata los datos obtenidos trav\u00e9s de las cookies.<\/li>\n<\/ul>\n<p class=\"p2\">En el caso de que las cookies sean instaladas desde un equipo o dominio gestionado por el propio editor pero la informaci\u00f3n que se recoja mediante \u00e9stas sea gestionada por un tercero, no pueden ser consideradas como cookies propias.<\/p>\n<p class=\"p2\">Existe tambi\u00e9n una segunda clasificaci\u00f3n seg\u00fan el plazo de tiempo que permanecen almacenadas en el navegador del cliente, pudiendo tratarse de:<\/p>\n<ul class=\"ul1\">\n<li class=\"li3\">Cookies de sesi\u00f3n: Dise\u00f1adas para recabar y almacenar datos mientras el usuario accede a una p\u00e1gina web. Se suelen emplear para almacenar informaci\u00f3n que solo interesa conservar para la prestaci\u00f3n del servicio solicitado por el usuario en una sola ocasi\u00f3n (p.e. una lista de productos adquiridos).<\/li>\n<li class=\"li3\">Cookies persistentes: Los datos siguen almacenados en el terminal y pueden ser accedidos y tratados durante un periodo definido por el responsable de la cookie, y que puede ir de unos minutos a varios a\u00f1os.<\/li>\n<\/ul>\n<p class=\"p2\">Por \u00faltimo, existe otra clasificaci\u00f3n con seis tipos de cookies seg\u00fan la finalidad para la que se traten los datos obtenidos:<\/p>\n<ul class=\"ul1\">\n<li class=\"li3\">Cookies t\u00e9cnicas: Aquellas que permiten al usuario la navegaci\u00f3n a trav\u00e9s de una p\u00e1gina web, plataforma o aplicaci\u00f3n y la utilizaci\u00f3n de las diferentes opciones o servicios que en ella existan como, por ejemplo, controlar el tr\u00e1fico y la comunicaci\u00f3n de datos, identificar la sesi\u00f3n, acceder a partes de acceso restringido, recordar los elementos que integran un pedido, realizar el proceso de compra de un pedido, realizar la solicitud de inscripci\u00f3n o participaci\u00f3n en un evento, utilizar elementos de seguridad durante la navegaci\u00f3n, almacenar contenidos para la difusi\u00f3n de v\u00eddeos o sonido o compartir contenidos a trav\u00e9s de redes sociales.<\/li>\n<li class=\"li3\">Cookies de personalizaci\u00f3n: Permiten al usuario acceder al servicio con algunas caracter\u00edsticas de car\u00e1cter general predefinidas en funci\u00f3n de una serie de criterios en el terminal del usuario como por ejemplo serian el idioma, el tipo de navegador a trav\u00e9s del cual accede al servicio, la configuraci\u00f3n regional desde donde accede al servicio, etc.<\/li>\n<li class=\"li3\">Cookies de an\u00e1lisis: Permiten al responsable de las mismas, el seguimiento y an\u00e1lisis del comportamiento de los usuarios de los sitios web a los que est\u00e1n vinculadas. La informaci\u00f3n recogida mediante este tipo de cookies se utiliza en la medici\u00f3n de la actividad de los sitios web, aplicaci\u00f3n o plataforma y para la elaboraci\u00f3n de perfiles de navegaci\u00f3n de los usuarios de dichos sitios, aplicaciones y plataformas, con el fin de introducir mejoras en funci\u00f3n del an\u00e1lisis de los datos de uso que hacen los usuarios del servicio.<\/li>\n<li class=\"li3\">Cookies publicitarias: Permiten la gesti\u00f3n, de la forma m\u00e1s eficaz posible, de los espacios publicitarios.<\/li>\n<li class=\"li3\">Cookies de publicidad comportamental: Almacenan informaci\u00f3n del comportamiento de los usuarios obtenida a trav\u00e9s de la observaci\u00f3n continuada de sus h\u00e1bitos de navegaci\u00f3n, lo que permite desarrollar un perfil espec\u00edfico para mostrar publicidad en funci\u00f3n del mismo.<\/li>\n<li class=\"li3\">Cookies de redes sociales externas: Se utilizan para que los visitantes puedan interactuar con el contenido de diferentes plataformas sociales (facebook, youtube, twitter, linkedIn, etc..) y que se generen \u00fanicamente para los usuarios de dichas redes sociales. Las condiciones de utilizaci\u00f3n de estas cookies y la informaci\u00f3n recopilada se regula por la pol\u00edtica de privacidad de la plataforma social correspondiente.<\/li>\n<\/ul>\n<p class=\"p2\"><b>Desactivaci\u00f3n y eliminaci\u00f3n de cookies<\/b><\/p>\n<p class=\"p2\">Tienes la opci\u00f3n de permitir, bloquear o eliminar las cookies instaladas en tu equipo mediante la configuraci\u00f3n de las opciones del navegador instalado en su equipo. Al desactivar cookies, algunos de los servicios disponibles podr\u00edan dejar de estar operativos. La forma de deshabilitar las cookies es diferente para cada navegador, pero normalmente puede hacerse desde el men\u00fa Herramientas u Opciones. Tambi\u00e9n puede consultarse el men\u00fa de Ayuda del navegador d\u00f3nde puedes encontrar instrucciones. El usuario podr\u00e1 en cualquier momento elegir qu\u00e9 cookies quiere que funcionen en este sitio web.<\/p>\n<p class=\"p2\">Puede usted permitir, bloquear o eliminar las cookies instaladas en su equipo mediante la configuraci\u00f3n de las opciones del navegador instalado en su ordenador:<\/p>\n<ul class=\"ul1\">\n<li class=\"li3\">Microsoft Internet Explorer o Microsoft Edge: https:\/\/windows.microsoft.com\/es-es\/windows-vista\/Block-or-allow-cookies<\/li>\n<li class=\"li3\">Mozilla Firefox: https:\/\/support.mozilla.org\/es\/kb\/impedir-que-los-sitios-web-guarden-sus-preferencia<\/li>\n<li class=\"li3\">Chrome: https:\/\/support.google.com\/accounts\/answer\/61416?hl=es<\/li>\n<li class=\"li3\">Safari: https:\/\/safari.helpmax.net\/es\/privacidad-y-seguridad\/como-gestionar-las-cookies\/<\/li>\n<li class=\"li3\">Opera: https:\/\/help.opera.com\/Linux\/10.60\/es-ES\/cookies.html<\/li>\n<\/ul>\n<p class=\"p2\">Adem\u00e1s, tambi\u00e9n puede gestionar el almac\u00e9n de cookies en su navegador a trav\u00e9s de herramientas como las siguientes:<\/p>\n<ul class=\"ul1\">\n<li class=\"li3\">Ghostery: www.ghostery.com<\/li>\n<li class=\"li3\">Your Online Choices: www.youronlinechoices.com\/es\/<\/li>\n<\/ul>\n<p class=\"p2\">Cookies utilizadas en www.marbellabanussuites.com<\/p>\n<p class=\"p2\">A continuaci\u00f3n se identifican las cookies que est\u00e1n siendo utilizadas en este portal as\u00ed como su tipolog\u00eda y funci\u00f3n:<\/p>\n<p>Nombre cookie:<br \/>\nTipo:<br \/>\nFunci\u00f3n:<br \/>\nTiempo de expiraci\u00f3n:<\/p>\n<p>_ga<br \/>\n.marbellabanussuites.com<\/p>\n<p>Analytics<\/p>\n<p>The _ga cookie, installed by Google Analytics, calculates visitor, session and campaign data and also keeps track of site usage for the site&rsquo;s analytics report. The cookie stores information anonymously and assigns a randomly generated number to recognize unique visitors.<\/p>\n<p>2 years<\/p>\n<p>_gid<br \/>\n.marbellabanussuites.com<\/p>\n<p>Analytics<\/p>\n<p>Installed by Google Analytics, _gid cookie stores information on how visitors use a website, while also creating an analytics report of the website&rsquo;s performance. Some of the data that are collected include the number of visitors, their source, and the pages they visit anonymously.<\/p>\n<p>1 day<\/p>\n<p>vuid<br \/>\n.vimeo.com<\/p>\n<p>Analytics<\/p>\n<p>Vimeo installs this cookie to collect tracking information by setting a unique ID to embed videos to the website.<\/p>\n<p>2 years<\/p>\n<p>PHPSESSID<br \/>\nmarbellabanussuites.com<\/p>\n<p>Necessary<\/p>\n<p>This cookie is native to PHP applications. The cookie is used to store and identify a users&rsquo; unique session ID for the purpose of managing user session on the website. The cookie is a session cookies and is deleted when all the browser windows are closed.<\/p>\n<p>session<br \/>\ncookielawinfo-checkbox-necessary<br \/>\nmarbellabanussuites.com<\/p>\n<p>Necessary<br \/>\nSet by the GDPR Cookie Consent plugin, this cookie is used to record the user consent for the cookies in the \u00ab\u00a0Necessary\u00a0\u00bb category .<\/p>\n<p>1 year<\/p>\n<p>cookielawinfo-checkbox-performance<br \/>\nmarbellabanussuites.com<\/p>\n<p>Necessary<\/p>\n<p>Set by the GDPR Cookie Consent plugin, this cookie is used to store the user consent for cookies in the category \u00ab\u00a0Performance\u00a0\u00bb.<\/p>\n<p>1 year<\/p>\n<p>cookielawinfo-checkbox-analytics<br \/>\nmarbellabanussuites.com<\/p>\n<p>Necessary<\/p>\n<p>Set by the GDPR Cookie Consent plugin, this cookie is used to record the user consent for the cookies in the \u00ab\u00a0Analytics\u00a0\u00bb category .<\/p>\n<p>1 year<\/p>\n<p>cookielawinfo-checkbox-advertisement<br \/>\nmarbellabanussuites.com<\/p>\n<p>Necessary<\/p>\n<p>Set by the GDPR Cookie Consent plugin, this cookie is used to record the user consent for the cookies in the \u00ab\u00a0Advertisement\u00a0\u00bb category .<\/p>\n<p>1 year<\/p>\n<p>cookielawinfo-checkbox-others<br \/>\nmarbellabanussuites.com<\/p>\n<p>Necessary<\/p>\n<p>Set by the GDPR Cookie Consent plugin, this cookie is used to store the user consent for cookies in the category \u00ab\u00a0Others\u00a0\u00bb.<\/p>\n<p>1 year<\/p>\n<p>cookielawinfo-checkbox-functional<br \/>\nmarbellabanussuites.com<\/p>\n<p>Other<\/p>\n<p>The cookie is set by GDPR cookie consent to record the user consent for the cookies in the category \u00ab\u00a0Functional\u00a0\u00bb.<\/p>\n<p>1 year<\/p>\n<p>_gat<br \/>\n.marbellabanussuites.com<\/p>\n<p>Performance<\/p>\n<p>This cookie is installed by Google Universal Analytics to restrain request rate and thus limit the collection of data on high traffic sites.<br \/>\n1 minute<\/p>\n<p class=\"p2\">www.marbellabanussuites.com muestra informaci\u00f3n sobre su Pol\u00edtica de cookies en la parte inferior o superior de cualquier p\u00e1gina del portal con cada inicio de sesi\u00f3n.<\/p>\n<p class=\"p2\">Ante esta informaci\u00f3n es posible llevar a cabo las siguientes acciones:<\/p>\n<ul class=\"ul1\">\n<li class=\"li3\">Aceptar cookies: No se volver\u00e1 a visualizar este aviso al acceder a cualquier p\u00e1gina del portal durante la presente sesi\u00f3n.<\/li>\n<li class=\"li5\">Modificar\/personalizar su configuraci\u00f3n: Podr\u00e1 obtener m\u00e1s informaci\u00f3n sobre qu\u00e9 son las cookies, conocer la Pol\u00edtica de cookies de: www.marbellabanussuites.com y modificar la configuraci\u00f3n de su navegador.<\/li>\n<\/ul>\n<p class=\"p6\">REV: 20.3009<\/p>\n","protected":false},"excerpt":{"rendered":"<p>Cookies policy MBS Suites Marbella SL informs about the use of cookies on its website: www.marbellabanussuites.com What are cookies? Cookies are files that can be downloaded to your computer through web pages. They are tools that play an essential role in the provision of numerous information society services. Among other functions, they allow a web &#8230;<\/p>\n","protected":false},"author":1,"featured_media":0,"parent":0,"menu_order":0,"comment_status":"closed","ping_status":"closed","template":"","meta":{"inline_featured_image":false,"_joinchat":[],"footnotes":""},"class_list":["post-86682","page","type-page","status-publish","hentry"],"_links":{"self":[{"href":"https:\/\/marbellabanussuites.com\/fr\/wp-json\/wp\/v2\/pages\/86682","targetHints":{"allow":["GET"]}}],"collection":[{"href":"https:\/\/marbellabanussuites.com\/fr\/wp-json\/wp\/v2\/pages"}],"about":[{"href":"https:\/\/marbellabanussuites.com\/fr\/wp-json\/wp\/v2\/types\/page"}],"author":[{"embeddable":true,"href":"https:\/\/marbellabanussuites.com\/fr\/wp-json\/wp\/v2\/users\/1"}],"replies":[{"embeddable":true,"href":"https:\/\/marbellabanussuites.com\/fr\/wp-json\/wp\/v2\/comments?post=86682"}],"version-history":[{"count":0,"href":"https:\/\/marbellabanussuites.com\/fr\/wp-json\/wp\/v2\/pages\/86682\/revisions"}],"wp:attachment":[{"href":"https:\/\/marbellabanussuites.com\/fr\/wp-json\/wp\/v2\/media?parent=86682"}],"curies":[{"name":"wp","href":"https:\/\/api.w.org\/{rel}","templated":true}]}}