{"id":86680,"date":"2021-02-01T16:54:03","date_gmt":"2021-02-01T16:54:03","guid":{"rendered":"https:\/\/marbellabanussuites.com\/privacy-policy\/"},"modified":"2021-02-01T16:54:03","modified_gmt":"2021-02-01T16:54:03","slug":"privacy-policy","status":"publish","type":"page","link":"https:\/\/marbellabanussuites.com\/fr\/privacy-policy\/","title":{"rendered":"Privacy Policy"},"content":{"rendered":"<p>PRIVACY POLICY<\/p>\n<p>MBS Suites Marbella SL, in application of current regulations regarding the protection of data of personal nature, informs that the personal data collected through the forms on the Website: www.marbellabanussuites.com, are included in the specific automated files of users of the services of MBS Suites Marbella SL<br \/>\nThe purpose of the collection and automated processing of personal data is to maintain the business relationship and carry out tasks related to information, training, advice and other activities of MBS Suites Marbella SL<\/p>\n<p>These data will only be transferred to those entities that are necessary for the sole purpose of fulfilling the aforementioned activities.<br \/>\nMBS Suites Marbella SL adopts the necessary measures to guarantee the security, integrity and confidentiality of the data in accordance with the provisions of Regulation (EU) 2016\/679 of the European Parliament and of the Council of April 27, 2016, regarding the protection of natural persons with regard to the processing of personal data and their free circulation, and repealing the old LOPD, the new Organic Act 3\/2018, of December 5, on Data Protection and the Guarantee of Digital Rights (LOPDGDD).<\/p>\n<p>The user may at any time exercise the rights of access, opposition, rectification, cancellation, limitation and portability recognized in the aforementioned Regulation (EU). The exercise of these rights can be done by the user himself by sending an email to: info@marbellabanussuites.com or at the address: C \/ Conjunto Hacienda El Palmeral, Fase 2 15, CP 29660 &#8211; Marbella (M\u00e1laga).<\/p>\n<p>The user declares that all the data provided by the user are true and correct, and agrees to keep them updated, communicating the changes to MBS Suites Marbella SL<\/p>\n<p><strong>Purpose of the processing of personal data:<\/strong><\/p>\n<p>For what purpose will we process your personal data?<\/p>\n<p>At MBS Suites Marbella SL, we will process your personal data collected through the Website: www.marbellabanussuites.com, with the following purposes:<\/p>\n<ol>\n<li>To comply with the commercial, labor, corporate and accounting obligations of the company.<\/li>\n<li>Sending commercial information and newsletters about new services offered on the web and in the sector.<\/li>\n<li>To comply with the internal processes of the company regarding the administration of suppliers and contractors.<\/li>\n<li>The filing process, updating systems, protection and custody of company information and databases.<\/li>\n<li>The transmission of data to third parties with whom contracts have been established for this purpose, for commercial, contractual, administrative, marketing and \/ or operational purposes.<\/li>\n<li>To execute a contract signed remotely with the user.<\/li>\n<li>To acquire the products offered through the website.<\/li>\n<li>To send promotional information electronically.<\/li>\n<li>To provide the information requested by the user through the contact form.<\/li>\n<li>Apartment reservations and payments<\/li>\n<\/ol>\n<p>We remind you that you can unsuscribe from commercial communications by any means and at any time, by sending an email to the address indicated above.<\/p>\n<p>The fields in these records are mandatory, and it is impossible to carry out the stated purposes if these data are not provided.<\/p>\n<p><strong>How long do you keep the personal data collected?<\/strong><\/p>\n<p>The personal data provided will be kept as long as the commercial relationship is maintained or for as long as you do not request its deletion and during the period for which legal responsibilities may arise for the services provided.<\/p>\n<p><strong>Legitimation:<\/strong><br \/>\nThe processing of your data is carried out with the following legal bases that legitimize it:<\/p>\n<p>1. The request for information and \/ or the contracting of the services of MBS Suites Marbella SL, whose terms and conditions will be made available to you in any case, prior to a possible contract.<br \/>\n2. Free, specific, informed and unequivocal consent, as we inform you by making this privacy policy available to you which, after reading it, if you agree, you can accept by means of a statement or a clear affirmative action, like the marking of a box arranged for this purpose.<\/p>\n<p>If you do not provide us with your data or do so in an erroneous or incomplete way, we will not be able to meet your request, making it completely impossible to provide you with the requested information or to carry out the contracting of services.<\/p>\n<p><strong>Recipients:<\/strong><\/p>\n<p>The data will not be communicated to any third party outside MBS Suites Marbella SL, except to comply with legal obligation.<\/p>\n<p><strong>Data collected by users of the services<\/strong><\/p>\n<p>In cases where the user includes files with personal data on the shared hosting servers, MBS Suites Marbella SL is not responsible for any breach by the user of the RGPD.<\/p>\n<p><strong>Intellectual property rights www.marbellabanussuites.com<br \/>\n<\/strong><br \/>\nMBS Suites Marbella SL is the owner of all copyright, intellectual and industrial property, \u00ab\u00a0know how\u00a0\u00bb and any other rights related to the contents of the website www.marbellabanussuites.com and the services offered therein, as well as the programs necessary for its implementation and related information.<br \/>\nThe reproduction, publication and \/ or non-strictly private use of the contents, total or partial, of the website www.marbellabanussuites.com is not allowed without prior written consent.<\/p>\n<p><strong>Intellectual property of the software<\/strong><\/p>\n<p>The user must respect the third-party programs made available by MBS Suites Marbella SL, even though they are free and \/ or publicly available.<br \/>\nMBS Suites Marbella SL owns the necessary exploitation rights and intellectual property of the software.<\/p>\n<p>The user does not acquire any right or license for the contracted service, on the software necessary for the provision of the service, nor on the technical information for monitoring the service, except for the rights and licenses necessary for the fulfillment of the contracted services and only for the duration of these services.<\/p>\n<p>For any action that exceeds the fulfillment of the contract, the user will need written authorization from MBS Suites Marbella SL. The user cannot access, modify, view the configuration, structure and files of the servers owned by MBS Suites Marbella SL, and they assume any civil and criminal liability derived from any incident that may occur in the servers and security systems as a direct consequence of negligent or malicious action on their part.<\/p>\n<p><strong>Intellectual property of the content hosted<\/strong><\/p>\n<p>The use of intellectual property of the services provided by MBS Suites Marbella SL contrary to the legislation is prohibited and, in particular:<\/p>\n<p>1. The use that is contrary to Spanish laws or that infringes the rights of third parties.<br \/>\n2. The publication or transmission of any content that, in the opinion of MBS Suites Marbella SL, is violent, obscene, abusive, illegal, racist, xenophobic or defamatory.<br \/>\n3. The cracks, serial numbers of programs or any other content that violates the intellectual property rights of third parties.<br \/>\n4. The collection and \/ or use of personal data of other users without their express consent or in violation of the provisions of Regulation (EU) 2016\/679 of the European Parliament and of the Council of April 27, 2016, regarding the protection of people with regard to the processing of personal data and their free circulation.<br \/>\n5. The use of the domain&rsquo;s mail server and email addresses to send spam.<\/p>\n<p>The user has full responsibility for the content of his website, the information transmitted and stored, the hypertext links, the sponsoring of third parties and legal actions in reference to intellectual property, third party rights and protection of minors.<\/p>\n<p>The user is responsible for the laws and regulations in force and the rules pertaining the operation of the online service, electronic commerce, copyright, maintenance of public order, as well as universal principles of Internet use.<\/p>\n<p>The user will indemnify MBS Suites Marbella SL for the expenses generated by any charges presented against MBS Suites Marbella SL in any cause whose responsibility was attributable to the user, including legal defense fees and expenses, even in the case of a non-final judicial decision.<\/p>\n<p><strong>Protection of hosted information<\/strong><\/p>\n<p>MBS Suites Marbella SL makes backup copies of the content hosted on its servers, however it is not responsible for the loss or accidental deletion of data by users. Similarly, it does not guarantee the total replacement of the data deleted by the users, since the aforementioned data could have been deleted and \/ or modified during the period of time that has passed since the last backup copy.<\/p>\n<p>The services offered, except for the specific backup services, do not include the replacement of the contents kept in the backup copies made by MBS Suites Marbella SL, when this loss is attributable to the user; in this case, a rate will be determined according to the complexity and volume of the recovery, always with prior acceptance by the user.<\/p>\n<p>The replacement of deleted data is only included in the price of the service when the loss of content is due to causes attributable to MBS Suites Marbella SL.<\/p>\n<p><strong>Commercial communications<\/strong><\/p>\n<p>In compliance with the LSSI. MBS Suites Marbella SL will not send advertising or promotional communications by email or other equivalent electronic means of communication that have not previously been requested or expressly authorized by the recipients.<\/p>\n<p>In the case of users with a prior contractual relationship, MBS Suites Marbella SL is authorized to send marketing communications regarding products or services of MBS Suites Marbella SL that are similar to those that were initially contracted by the client. .<\/p>\n<p>In any case, the user, after proving their identity, may request that no more commercial information be sent to them through<br \/>\nthe Customer Service channels.<\/p>\n<p>REV: 5-7-2021<\/p>\n<p class=\"p1\">POL\u00cdTICA DE PRIVACIDAD<\/p>\n<p class=\"p2\">MBS Suites Marbella S.L., en aplicaci\u00f3n de la normativa vigente en materia de\u00a0<a href=\"https:\/\/protecciondatos-lopd.com\/auditoria\/proteccion-datos\/\" target=\"_blank\" rel=\"noopener\"><span class=\"s1\">protecci\u00f3n de datos<\/span><\/a>\u00a0de car\u00e1cter personal, informa que los datos personales que se recogen a trav\u00e9s de los formularios del Sitio web: www.marbellabanussuites.com, se incluyen en los ficheros automatizados espec\u00edficos de usuarios de los servicios de MBS Suites Marbella S.L.<\/p>\n<p class=\"p2\">La recogida y tratamiento automatizado de los datos de car\u00e1cter personal tiene como finalidad el mantenimiento de la relaci\u00f3n comercial y el desempe\u00f1o de tareas de informaci\u00f3n, formaci\u00f3n, asesoramiento y otras actividades propias de MBS Suites Marbella S.L.<\/p>\n<p class=\"p2\">Estos datos \u00fanicamente ser\u00e1n cedidos a aquellas entidades que sean necesarias con el \u00fanico objetivo de dar cumplimiento a la finalidad anteriormente expuesta.<\/p>\n<p class=\"p2\">MBS Suites Marbella S.L. adopta las medidas necesarias para garantizar la seguridad, integridad y confidencialidad de los datos conforme a lo dispuesto en el Reglamento (UE) 2016\/679 del Parlamento Europeo y del Consejo, de 27 de abril de 2016, relativo a la protecci\u00f3n de las personas f\u00edsicas en lo que respecta al tratamiento de datos personales y a la libre circulaci\u00f3n de los mismos, y derogando la antigua LOPD, la nueva Ley Org\u00e1nica 3\/2018, de 5 diciembre, de Protecci\u00f3n de Datos y Garant\u00eda de los Derechos Digitales (LOPDGDD).<\/p>\n<p class=\"p2\">El usuario podr\u00e1 en cualquier momento ejercitar los derechos de acceso, oposici\u00f3n, rectificaci\u00f3n, cancelaci\u00f3n, limitaci\u00f3n y portabilidad reconocidos en el citado Reglamento (UE). El ejercicio de estos derechos puede realizarlo el propio usuario a trav\u00e9s de email a: info@marbellabanussuites.com o en la direcci\u00f3n: C\/ Conjunto Hacienda El Palmeral, Fase 2 15, C.P. 29660 &#8211; Marbella (M\u00e1laga).<\/p>\n<p class=\"p3\">El usuario manifiesta que todos los datos facilitados por \u00e9l son ciertos y correctos, y se compromete a mantenerlos actualizados, comunicando los cambios a MBS Suites Marbella S.L.<\/p>\n<p class=\"p4\"><b>Finalidad del tratamiento de los datos personales:<\/b><\/p>\n<p class=\"p2\"><b>\u00bfCon qu\u00e9 finalidad trataremos tus datos personales?<\/b><\/p>\n<p class=\"p2\">En MBS Suites Marbella S.L., trataremos tus datos personales recabados a trav\u00e9s del Sitio Web: www.marbellabanussuites.com, con las siguientes finalidades:<\/p>\n<ol class=\"ol1\">\n<li class=\"li5\"><span class=\"s2\"> 1.<\/span>Dar cumplimiento de las obligaciones, comerciales, laborales, corporativas y contables de la empresa.<\/li>\n<li class=\"li5\"><span class=\"s2\"> 2.<\/span>Env\u00edo de informaci\u00f3n comercial y boletines sobre nuevos servicios ofrecidos en la web y del sector.<\/li>\n<li class=\"li5\"><span class=\"s2\"> 3.<\/span>Cumplir con los procesos internos de la empresa en materia de administraci\u00f3n de proveedores y contratistas.<\/li>\n<li class=\"li5\"><span class=\"s2\"> 4.<\/span>El proceso de archivo, de actualizaci\u00f3n de los sistemas, de protecci\u00f3n y custodia de informaci\u00f3n y bases de datos de la empresa.<\/li>\n<li class=\"li5\"><span class=\"s2\"> 5.<\/span>La transmisi\u00f3n de datos a terceros con los cuales se hayan celebrado contratos con este objeto, para fines comerciales, contractuales, administrativos, de mercadeo y\/o operativos.<\/li>\n<li class=\"li5\"><span class=\"s2\"> 6.<\/span>Ejecutar un contrato suscrito a distancia con el usuario.<\/li>\n<li class=\"li5\"><span class=\"s2\"> 7.<\/span>Adquirir los productos ofrecidos a trav\u00e9s de la p\u00e1gina web.<\/li>\n<li class=\"li5\"><span class=\"s2\"> 8.<\/span>Enviar informaci\u00f3n promocional v\u00eda electr\u00f3nica.<\/li>\n<li class=\"li5\"><span class=\"s2\"> 9.<\/span>Facilitar la informaci\u00f3n solicitada por el usuario a trav\u00e9s del formulario de contacto.<\/li>\n<li class=\"li5\"><span class=\"s2\"> 10.<\/span>Reservas y pagos de los apartamentos<\/li>\n<\/ol>\n<p class=\"p2\">Te recordamos que puedes oponerte al env\u00edo de comunicaciones comerciales por cualquier v\u00eda y en cualquier momento, remitiendo un correo electr\u00f3nico a la direcci\u00f3n anteriormente indicada.<\/p>\n<p class=\"p2\">Los campos de dichos registros son de cumplimentaci\u00f3n obligatoria, siendo imposible realizar las finalidades expresadas si no se aportan esos datos.<\/p>\n<p class=\"p2\"><b>\u00bfPor cu\u00e1nto tiempo se conservan los datos personales recabados?<\/b><\/p>\n<p class=\"p6\">Los datos personales proporcionados se conservar\u00e1n mientras se mantenga la relaci\u00f3n comercial o no solicites su supresi\u00f3n y durante el plazo por el cu\u00e1l pudieran derivarse responsabilidades legales por los servicios prestados.<\/p>\n<p class=\"p7\">Legitimaci\u00f3n:<\/p>\n<p class=\"p2\">El tratamiento de tus datos se realiza con las siguientes bases jur\u00eddicas que legitiman el mismo:<\/p>\n<ol class=\"ol1\">\n<li class=\"li5\"><span class=\"s2\"> 1.<\/span>La solicitud de informaci\u00f3n y\/o la contrataci\u00f3n de los servicios de MBS Suites Marbella S.L., cuyos t\u00e9rminos y condiciones se pondr\u00e1n a tu disposici\u00f3n en todo caso, de forma previa a una eventual contrataci\u00f3n.<\/li>\n<li class=\"li5\"><span class=\"s2\"> 2.<\/span>El consentimiento libre, espec\u00edfico, informado e inequ\u00edvoco, en tanto que te informamos poniendo a tu disposici\u00f3n la presente pol\u00edtica de privacidad, que tras la lectura de la misma, en caso de estar conforme, puedes aceptar mediante una declaraci\u00f3n o una clara acci\u00f3n afirmativa, como el marcado de una casilla dispuesta al efecto.<\/li>\n<\/ol>\n<p class=\"p6\">En caso de que no nos facilites tus datos o lo hagas de forma err\u00f3nea o incompleta, no podremos atender tu solicitud, resultando del todo imposible proporcionarte la informaci\u00f3n solicitada o llevar a cabo la contrataci\u00f3n de los servicios.<\/p>\n<p class=\"p7\">Destinatarios:<\/p>\n<p class=\"p6\">Los datos no se comunicar\u00e1n a ning\u00fan tercero ajeno a MBS Suites Marbella S.L., salvo obligaci\u00f3n legal.<\/p>\n<p class=\"p7\">Datos recopilados por usuarios de los servicios<\/p>\n<p class=\"p6\">En los casos en que el usuario incluya ficheros con datos de car\u00e1cter personal en los servidores de alojamiento compartido, MBS Suites Marbella S.L. no se hace responsable del incumplimiento por parte del usuario del RGPD.<\/p>\n<p class=\"p7\">Derechos propiedad intelectual www.marbellabanussuites.com<\/p>\n<p class=\"p2\">MBS Suites Marbella S.L. es titular de todos los derechos de autor, propiedad intelectual, industrial, \u00ab\u00a0know how\u00a0\u00bb y cuantos otros derechos guardan relaci\u00f3n con los contenidos del sitio web www.marbellabanussuites.com y los servicios ofertados en el mismo, as\u00ed como de los programas necesarios para su implementaci\u00f3n y la informaci\u00f3n relacionada.<\/p>\n<p class=\"p6\">No se permite la reproducci\u00f3n, publicaci\u00f3n y\/o uso no estrictamente privado de los contenidos, totales o parciales, del sitio web www.marbellabanussuites.com sin el consentimiento previo y por escrito.<\/p>\n<p class=\"p7\">Propiedad intelectual del software<\/p>\n<p class=\"p2\">El usuario debe respetar los programas de terceros puestos a su disposici\u00f3n por MBS Suites Marbella S.L., a\u00fan siendo gratuitos y\/o de disposici\u00f3n p\u00fablica.<\/p>\n<p class=\"p2\">MBS Suites Marbella S.L. dispone de los derechos de explotaci\u00f3n y propiedad intelectual necesarios del software.<\/p>\n<p class=\"p2\">El usuario no adquiere derecho alguno o licencia por el servicio contratado, sobre el software necesario para la prestaci\u00f3n del servicio, ni tampoco sobre la informaci\u00f3n t\u00e9cnica de seguimiento del servicio, excepci\u00f3n hecha de los derechos y licencias necesarios para el cumplimiento de los servicios contratados y \u00fanicamente durante la duraci\u00f3n de los mismos.<\/p>\n<p class=\"p6\">Para toda actuaci\u00f3n que exceda del cumplimiento del contrato, el usuario necesitar\u00e1 autorizaci\u00f3n por escrito por parte de MBS Suites Marbella S.L., quedando prohibido al usuario acceder, modificar, visualizar la configuraci\u00f3n, estructura y ficheros de los servidores propiedad de MBS Suites Marbella S.L., asumiendo la responsabilidad civil y penal derivada de cualquier incidencia que se pudiera producir en los servidores y sistemas de seguridad como consecuencia directa de una actuaci\u00f3n negligente o maliciosa por su parte.<\/p>\n<p class=\"p7\">Propiedad intelectual de los contenidos alojados<\/p>\n<p class=\"p2\">Se proh\u00edbe el uso contrario a la legislaci\u00f3n sobre propiedad intelectual de los servicios prestados por MBS Suites Marbella S.L. y, en particular de:<\/p>\n<ol class=\"ol1\">\n<li class=\"li5\"><span class=\"s2\"> 1.<\/span>La utilizaci\u00f3n que resulte contraria a las leyes espa\u00f1olas o que infrinja los derechos de terceros.<\/li>\n<li class=\"li5\"><span class=\"s2\"> 2.<\/span>La publicaci\u00f3n o la transmisi\u00f3n de cualquier contenido que, a juicio de MBS Suites Marbella S.L., resulte violento, obsceno, abusivo, ilegal, racial, xen\u00f3fobo o difamatorio.<\/li>\n<li class=\"li5\"><span class=\"s2\"> 3.<\/span>Los cracks, n\u00fameros de serie de programas o cualquier otro contenido que vulnere derechos de la propiedad intelectual de terceros.<\/li>\n<li class=\"li5\"><span class=\"s2\"> 4.<\/span>La recogida y\/o utilizaci\u00f3n de datos personales de otros usuarios sin su consentimiento expreso o contraviniendo lo dispuesto en el Reglamento (UE) 2016\/679 del Parlamento Europeo y del Consejo, de 27 de abril de 2016, relativo a la protecci\u00f3n de las personas f\u00edsicas en lo que respecta al tratamiento de datos personales y a la libre circulaci\u00f3n de los mismos.<\/li>\n<li class=\"li5\"><span class=\"s2\"> 5.<\/span>La utilizaci\u00f3n del servidor de correo del dominio y de las direcciones de correo electr\u00f3nico para el env\u00edo de correo masivo no deseado.<\/li>\n<\/ol>\n<p class=\"p2\">El usuario tiene toda la responsabilidad sobre el contenido de su web, la informaci\u00f3n transmitida y almacenada, los enlaces de hipertexto, las reivindicaciones de terceros y las acciones legales en referencia a propiedad intelectual, derechos de terceros y protecci\u00f3n de menores.<\/p>\n<p class=\"p2\">El usuario es responsable respecto a las leyes y reglamentos en vigor y las reglas que tienen que ver con el funcionamiento del servicio online, comercio electr\u00f3nico, derechos de autor, mantenimiento del orden p\u00fablico, as\u00ed como principios universales de uso de Internet.<\/p>\n<p class=\"p6\">El usuario indemnizar\u00e1 a MBS Suites Marbella S.L. por los gastos que generara la imputaci\u00f3n de MBS Suites Marbella S.L. en alguna causa cuya responsabilidad fuera atribuible al usuario, incluidos honorarios y gastos de defensa jur\u00eddica, incluso en el caso de una decisi\u00f3n judicial no definitiva.<\/p>\n<p class=\"p7\">Protecci\u00f3n de la informaci\u00f3n alojada<\/p>\n<p class=\"p2\">MBS Suites Marbella S.L. realiza copias de seguridad de los contenidos alojados en sus servidores, sin embargo no se responsabiliza de la p\u00e9rdida o el borrado accidental de los datos por parte de los usuarios. De igual manera, no garantiza la reposici\u00f3n total de los datos borrados por los usuarios, ya que los citados datos podr\u00edan haber sido suprimidos y\/o modificados durante el periodo del tiempo transcurrido desde la \u00faltima copia de seguridad.<\/p>\n<p class=\"p2\">Los servicios ofertados, excepto los servicios espec\u00edficos de backup, no incluyen la reposici\u00f3n de los contenidos conservados en las copias de seguridad realizadas por MBS Suites Marbella S.L., cuando esta p\u00e9rdida sea imputable al usuario; en este caso, se determinar\u00e1 una tarifa acorde a la complejidad y volumen de la recuperaci\u00f3n, siempre previa aceptaci\u00f3n del usuario.<\/p>\n<p class=\"p6\">La reposici\u00f3n de datos borrados s\u00f3lo est\u00e1 incluida en el precio del servicio cuando la p\u00e9rdida del contenido sea debida a causas atribuibles a MBS Suites Marbella S.L..<\/p>\n<p class=\"p7\">Comunicaciones comerciales<\/p>\n<p class=\"p2\">En aplicaci\u00f3n de la LSSI. MBS Suites Marbella S.L. no enviar\u00e1 comunicaciones publicitarias o promocionales por correo electr\u00f3nico u otro medio de comunicaci\u00f3n electr\u00f3nica equivalente que previamente no hubieran sido solicitadas o expresamente autorizadas por los destinatarios de las mismas.<\/p>\n<p class=\"p2\">En el caso de usuarios con los que exista una relaci\u00f3n contractual previa, MBS Suites Marbella S.L. s\u00ed est\u00e1 autorizado al env\u00edo de comunicaciones comerciales referentes a productos o servicios de MBS Suites Marbella S.L. que sean similares a los que inicialmente fueron objeto de contrataci\u00f3n con el cliente.<\/p>\n<p class=\"p8\">En todo caso, el usuario, tras acreditar su identidad, podr\u00e1 solicitar que no se le haga llegar m\u00e1s informaci\u00f3n comercial a trav\u00e9s de los canales de Atenci\u00f3n al Cliente.<\/p>\n<p class=\"p9\">REV: 5-7-2021<\/p>\n","protected":false},"excerpt":{"rendered":"<p>PRIVACY POLICY MBS Suites Marbella SL, in application of current regulations regarding the protection of data of personal nature, informs that the personal data collected through the forms on the Website: www.marbellabanussuites.com, are included in the specific automated files of users of the services of MBS Suites Marbella SL The purpose of the collection and &#8230;<\/p>\n","protected":false},"author":1,"featured_media":0,"parent":0,"menu_order":0,"comment_status":"closed","ping_status":"closed","template":"","meta":{"inline_featured_image":false,"_joinchat":[],"footnotes":""},"class_list":["post-86680","page","type-page","status-publish","hentry"],"_links":{"self":[{"href":"https:\/\/marbellabanussuites.com\/fr\/wp-json\/wp\/v2\/pages\/86680","targetHints":{"allow":["GET"]}}],"collection":[{"href":"https:\/\/marbellabanussuites.com\/fr\/wp-json\/wp\/v2\/pages"}],"about":[{"href":"https:\/\/marbellabanussuites.com\/fr\/wp-json\/wp\/v2\/types\/page"}],"author":[{"embeddable":true,"href":"https:\/\/marbellabanussuites.com\/fr\/wp-json\/wp\/v2\/users\/1"}],"replies":[{"embeddable":true,"href":"https:\/\/marbellabanussuites.com\/fr\/wp-json\/wp\/v2\/comments?post=86680"}],"version-history":[{"count":0,"href":"https:\/\/marbellabanussuites.com\/fr\/wp-json\/wp\/v2\/pages\/86680\/revisions"}],"wp:attachment":[{"href":"https:\/\/marbellabanussuites.com\/fr\/wp-json\/wp\/v2\/media?parent=86680"}],"curies":[{"name":"wp","href":"https:\/\/api.w.org\/{rel}","templated":true}]}}