{"id":95284,"date":"2024-12-17T11:01:30","date_gmt":"2024-12-17T11:01:30","guid":{"rendered":"https:\/\/marbellabanussuites.com\/holiday-apartments-for-rent-in-nueva-andalucia\/"},"modified":"2024-12-17T12:30:10","modified_gmt":"2024-12-17T12:30:10","slug":"apartamentos-de-vacaciones-en-alquiler-en-nueva-andalucia","status":"publish","type":"page","link":"https:\/\/marbellabanussuites.com\/es\/apartamentos-de-vacaciones-en-alquiler-en-nueva-andalucia\/","title":{"rendered":"Apartamentos de vacaciones en alquiler en Nueva Andaluc\u00eda"},"content":{"rendered":"\t\t<div data-elementor-type=\"wp-page\" data-elementor-id=\"95284\" class=\"elementor elementor-95284 elementor-95245\" data-elementor-post-type=\"page\">\n\t\t\t\t\t\t<section class=\"elementor-section elementor-top-section elementor-element elementor-element-2a70733 elementor-section-boxed elementor-section-height-default elementor-section-height-default\" data-id=\"2a70733\" data-element_type=\"section\">\n\t\t\t\t\t\t<div class=\"elementor-container elementor-column-gap-default\">\n\t\t\t\t\t<div class=\"elementor-column elementor-col-100 elementor-top-column elementor-element elementor-element-97b2cc4\" data-id=\"97b2cc4\" data-element_type=\"column\">\n\t\t\t<div class=\"elementor-widget-wrap elementor-element-populated\">\n\t\t\t\t\t\t<div class=\"elementor-element elementor-element-4c872fe elementor-widget elementor-widget-heading\" data-id=\"4c872fe\" data-element_type=\"widget\" data-widget_type=\"heading.default\">\n\t\t\t\t<div class=\"elementor-widget-container\">\n\t\t\t\t\t<h1 class=\"elementor-heading-title elementor-size-default\">Apartamentos de vacaciones en Nueva Andaluc\u00eda<\/h1>\t\t\t\t<\/div>\n\t\t\t\t<\/div>\n\t\t\t\t<div class=\"elementor-element elementor-element-2ee8e4b elementor-widget elementor-widget-heading\" data-id=\"2ee8e4b\" data-element_type=\"widget\" data-widget_type=\"heading.default\">\n\t\t\t\t<div class=\"elementor-widget-container\">\n\t\t\t\t\t<h2 class=\"elementor-heading-title elementor-size-default\">Encuentra tu apartamento de vacaciones ideal en Nueva Andaluc\u00eda.<\/h2>\t\t\t\t<\/div>\n\t\t\t\t<\/div>\n\t\t\t\t<div class=\"elementor-element elementor-element-5c8a89b elementor-widget elementor-widget-text-editor\" data-id=\"5c8a89b\" data-element_type=\"widget\" data-widget_type=\"text-editor.default\">\n\t\t\t\t<div class=\"elementor-widget-container\">\n\t\t\t\t\t\t\t\t\t<p>Descubre la belleza y tranquilidad de Nueva Andaluc\u00eda con Marbella Ban\u00fas Suites. Nuestros exclusivos apartamentos de vacaciones ofrecen el equilibrio perfecto entre comodidad, estilo y conveniencia, asegurando una estancia relajante e inolvidable.<\/p><p>Explora nuestra cuidada colecci\u00f3n de apartamentos de vacaciones en alquiler en Nueva Andaluc\u00eda. Ya sea que busques una escapada tranquila o una base para explorar las atracciones de Marbella, tenemos el apartamento ideal para ti.<\/p>\t\t\t\t\t\t\t\t<\/div>\n\t\t\t\t<\/div>\n\t\t\t\t<div class=\"elementor-element elementor-element-c3232fe elementor-widget elementor-widget-html\" data-id=\"c3232fe\" data-element_type=\"widget\" data-widget_type=\"html.default\">\n\t\t\t\t<div class=\"elementor-widget-container\">\n\t\t\t\t\t<iframe src=\"https:\/\/marbellabanussuites.icnea.net\/es\/search\" style=\"width:100%; min-height:320px; position: absolute; z-index: 1;\" scrolling=\"no\" frameborder=\"0\"><\/iframe>\t\t\t\t<\/div>\n\t\t\t\t<\/div>\n\t\t\t\t\t<\/div>\n\t\t<\/div>\n\t\t\t\t\t<\/div>\n\t\t<\/section>\n\t\t\t\t<section class=\"elementor-section elementor-top-section elementor-element elementor-element-65722c4 elementor-section-boxed elementor-section-height-default elementor-section-height-default\" data-id=\"65722c4\" data-element_type=\"section\">\n\t\t\t\t\t\t<div class=\"elementor-container elementor-column-gap-default\">\n\t\t\t\t\t<div class=\"elementor-column elementor-col-100 elementor-top-column elementor-element elementor-element-8e0b748\" data-id=\"8e0b748\" data-element_type=\"column\">\n\t\t\t<div class=\"elementor-widget-wrap\">\n\t\t\t\t\t\t\t<\/div>\n\t\t<\/div>\n\t\t\t\t\t<\/div>\n\t\t<\/section>\n\t\t\t\t<section class=\"elementor-section elementor-top-section elementor-element elementor-element-657372e elementor-section-boxed elementor-section-height-default elementor-section-height-default\" data-id=\"657372e\" data-element_type=\"section\">\n\t\t\t\t\t\t<div class=\"elementor-container elementor-column-gap-default\">\n\t\t\t\t\t<div class=\"elementor-column elementor-col-100 elementor-top-column elementor-element elementor-element-7a114e1\" data-id=\"7a114e1\" data-element_type=\"column\">\n\t\t\t<div class=\"elementor-widget-wrap elementor-element-populated\">\n\t\t\t\t\t\t<div class=\"elementor-element elementor-element-27d7cd5 elementor-widget elementor-widget-text-editor\" data-id=\"27d7cd5\" data-element_type=\"widget\" data-widget_type=\"text-editor.default\">\n\t\t\t\t<div class=\"elementor-widget-container\">\n\t\t\t\t\t\t\t\t\t<h3>Explora tu escapada en Nueva Andaluc\u00eda<\/h3><p>Reserva tu apartamento de vacaciones en Nueva Andaluc\u00eda con Marbella Ban\u00fas Suites y disfruta de una escapada sin estr\u00e9s en una de las zonas m\u00e1s tranquilas y codiciadas de la Costa del Sol. Tu perfecta vacaci\u00f3n comienza aqu\u00ed.<\/p><p>\u00a0<\/p><h3><strong>\u00bfPor qu\u00e9 elegir Nueva Andaluc\u00eda?<\/strong><\/h3><div><ul><li><strong>Tranquila pero c\u00e9ntrica<\/strong>: Ubicada a solo unos minutos de Puerto Ban\u00fas y Marbella, Nueva Andaluc\u00eda ofrece una atm\u00f3sfera m\u00e1s relajada mientras permanece cerca de la acci\u00f3n.<\/li><li><strong>Apartamentos de vacaciones con estilo<\/strong>: Disfruta de espacios dise\u00f1ados con esmero, equipados con comodidades modernas, muebles de alta calidad y todo lo que necesitas para unas vacaciones perfectas.<\/li><li><strong>Cerca de campos de golf y playas<\/strong>: Con campos de golf de clase mundial, impresionantes playas y excelentes opciones gastron\u00f3micas cerca, Nueva Andaluc\u00eda es ideal para familias, parejas y amigos.<\/li><li><strong>Ahorros por reserva directa<\/strong>: Reserva directamente con nosotros y benef\u00edciate de las mejores tarifas sin cargos adicionales.<\/li><\/ul><\/div>\t\t\t\t\t\t\t\t<\/div>\n\t\t\t\t<\/div>\n\t\t\t\t<section class=\"elementor-section elementor-inner-section elementor-element elementor-element-ce0521c elementor-section-boxed elementor-section-height-default elementor-section-height-default\" data-id=\"ce0521c\" data-element_type=\"section\">\n\t\t\t\t\t\t<div class=\"elementor-container elementor-column-gap-default\">\n\t\t\t\t\t<div class=\"elementor-column elementor-col-33 elementor-inner-column elementor-element elementor-element-75bb86f\" data-id=\"75bb86f\" data-element_type=\"column\">\n\t\t\t<div class=\"elementor-widget-wrap\">\n\t\t\t\t\t\t\t<\/div>\n\t\t<\/div>\n\t\t\t\t<div class=\"elementor-column elementor-col-33 elementor-inner-column elementor-element elementor-element-7f84b38 elementor-invisible\" data-id=\"7f84b38\" data-element_type=\"column\" data-settings=\"{&quot;animation&quot;:&quot;fadeIn&quot;,&quot;animation_delay&quot;:&quot;200&quot;}\">\n\t\t\t<div class=\"elementor-widget-wrap elementor-element-populated\">\n\t\t\t\t\t\t<div class=\"elementor-element elementor-element-8bb0870 elementor-widget elementor-widget-heading\" data-id=\"8bb0870\" data-element_type=\"widget\" data-widget_type=\"heading.default\">\n\t\t\t\t<div class=\"elementor-widget-container\">\n\t\t\t\t\t<p class=\"elementor-heading-title elementor-size-default\">Ver \u00e1reas cercanas y m\u00e1s propiedades<\/p>\t\t\t\t<\/div>\n\t\t\t\t<\/div>\n\t\t\t\t<div class=\"elementor-element elementor-element-abdd4cb elementor-widget elementor-widget-heading\" data-id=\"abdd4cb\" data-element_type=\"widget\" data-widget_type=\"heading.default\">\n\t\t\t\t<div class=\"elementor-widget-container\">\n\t\t\t\t\t<h3 class=\"elementor-heading-title elementor-size-default\">Refina tu b\u00fasqueda<\/h3>\t\t\t\t<\/div>\n\t\t\t\t<\/div>\n\t\t\t\t<div class=\"elementor-element elementor-element-9f1e2f7 elementor-align-center animated-slow elementor-invisible elementor-widget elementor-widget-button\" data-id=\"9f1e2f7\" data-element_type=\"widget\" data-settings=\"{&quot;_animation&quot;:&quot;bounce&quot;}\" data-widget_type=\"button.default\">\n\t\t\t\t<div class=\"elementor-widget-container\">\n\t\t\t\t\t\t\t\t\t<div class=\"elementor-button-wrapper\">\n\t\t\t\t\t<a class=\"elementor-button elementor-button-link elementor-size-sm\" href=\"\/es\/propiedades\/\">\n\t\t\t\t\t\t<span class=\"elementor-button-content-wrapper\">\n\t\t\t\t\t\t<span class=\"elementor-button-icon\">\n\t\t\t\t<i aria-hidden=\"true\" class=\"fas fa-search-plus\"><\/i>\t\t\t<\/span>\n\t\t\t\t\t\t\t\t\t<span class=\"elementor-button-text\">Ver todas las propiedades y b\u00fasqueda avanzada<\/span>\n\t\t\t\t\t<\/span>\n\t\t\t\t\t<\/a>\n\t\t\t\t<\/div>\n\t\t\t\t\t\t\t\t<\/div>\n\t\t\t\t<\/div>\n\t\t\t\t<div class=\"elementor-element elementor-element-807fab6 elementor-widget elementor-widget-heading\" data-id=\"807fab6\" data-element_type=\"widget\" data-widget_type=\"heading.default\">\n\t\t\t\t<div class=\"elementor-widget-container\">\n\t\t\t\t\t<p class=\"elementor-heading-title elementor-size-default\">Nos encanta compartir nuestra selecci\u00f3n de los mejores lugares para que disfrutes en Marbella.<\/p>\t\t\t\t<\/div>\n\t\t\t\t<\/div>\n\t\t\t\t\t<\/div>\n\t\t<\/div>\n\t\t\t\t<div class=\"elementor-column elementor-col-33 elementor-inner-column elementor-element elementor-element-9adb390\" data-id=\"9adb390\" data-element_type=\"column\">\n\t\t\t<div class=\"elementor-widget-wrap\">\n\t\t\t\t\t\t\t<\/div>\n\t\t<\/div>\n\t\t\t\t\t<\/div>\n\t\t<\/section>\n\t\t\t\t\t<\/div>\n\t\t<\/div>\n\t\t\t\t\t<\/div>\n\t\t<\/section>\n\t\t\t\t<section class=\"elementor-section elementor-top-section elementor-element elementor-element-2f93c2e elementor-section-stretched elementor-section-boxed elementor-section-height-default elementor-section-height-default\" data-id=\"2f93c2e\" data-element_type=\"section\" data-settings=\"{&quot;stretch_section&quot;:&quot;section-stretched&quot;,&quot;background_background&quot;:&quot;classic&quot;}\">\n\t\t\t\t\t\t<div class=\"elementor-container elementor-column-gap-default\">\n\t\t\t\t\t<div class=\"elementor-column elementor-col-16 elementor-top-column elementor-element elementor-element-3c2f0ba\" data-id=\"3c2f0ba\" data-element_type=\"column\">\n\t\t\t<div class=\"elementor-widget-wrap elementor-element-populated\">\n\t\t\t\t\t\t<div class=\"elementor-element elementor-element-09ed383 elementor-invisible elementor-widget elementor-widget-image\" data-id=\"09ed383\" data-element_type=\"widget\" data-settings=\"{&quot;_animation&quot;:&quot;fadeIn&quot;}\" data-widget_type=\"image.default\">\n\t\t\t\t<div class=\"elementor-widget-container\">\n\t\t\t\t\t\t\t\t\t\t\t\t\t\t\t<img fetchpriority=\"high\" decoding=\"async\" width=\"500\" height=\"522\" src=\"https:\/\/marbellabanussuites.com\/wp-content\/uploads\/2021\/02\/best-price-500.png\" class=\"attachment-large size-large wp-image-84062\" alt=\"\" srcset=\"https:\/\/marbellabanussuites.com\/wp-content\/uploads\/2021\/02\/best-price-500.png 500w, https:\/\/marbellabanussuites.com\/wp-content\/uploads\/2021\/02\/best-price-500-287x300.png 287w\" sizes=\"(max-width: 500px) 100vw, 500px\" \/>\t\t\t\t\t\t\t\t\t\t\t\t\t\t\t<\/div>\n\t\t\t\t<\/div>\n\t\t\t\t\t<\/div>\n\t\t<\/div>\n\t\t\t\t<div class=\"elementor-column elementor-col-16 elementor-top-column elementor-element elementor-element-a43d332\" data-id=\"a43d332\" data-element_type=\"column\">\n\t\t\t<div class=\"elementor-widget-wrap elementor-element-populated\">\n\t\t\t\t\t\t<div class=\"elementor-element elementor-element-c7c3acd elementor-invisible elementor-widget elementor-widget-image\" data-id=\"c7c3acd\" data-element_type=\"widget\" data-settings=\"{&quot;_animation&quot;:&quot;fadeIn&quot;}\" data-widget_type=\"image.default\">\n\t\t\t\t<div class=\"elementor-widget-container\">\n\t\t\t\t\t\t\t\t\t\t\t\t\t\t\t<img decoding=\"async\" width=\"500\" height=\"522\" src=\"https:\/\/marbellabanussuites.com\/wp-content\/uploads\/2021\/02\/eco-friendly-badge.png\" class=\"attachment-large size-large wp-image-84065\" alt=\"\" srcset=\"https:\/\/marbellabanussuites.com\/wp-content\/uploads\/2021\/02\/eco-friendly-badge.png 500w, https:\/\/marbellabanussuites.com\/wp-content\/uploads\/2021\/02\/eco-friendly-badge-287x300.png 287w\" sizes=\"(max-width: 500px) 100vw, 500px\" \/>\t\t\t\t\t\t\t\t\t\t\t\t\t\t\t<\/div>\n\t\t\t\t<\/div>\n\t\t\t\t\t<\/div>\n\t\t<\/div>\n\t\t\t\t<div class=\"elementor-column elementor-col-16 elementor-top-column elementor-element elementor-element-35d8fea\" data-id=\"35d8fea\" data-element_type=\"column\">\n\t\t\t<div class=\"elementor-widget-wrap elementor-element-populated\">\n\t\t\t\t\t\t<div class=\"elementor-element elementor-element-7e370b1 elementor-invisible elementor-widget elementor-widget-image\" data-id=\"7e370b1\" data-element_type=\"widget\" data-settings=\"{&quot;_animation&quot;:&quot;fadeIn&quot;}\" data-widget_type=\"image.default\">\n\t\t\t\t<div class=\"elementor-widget-container\">\n\t\t\t\t\t\t\t\t\t\t\t\t\t\t\t<img decoding=\"async\" width=\"500\" height=\"522\" src=\"https:\/\/marbellabanussuites.com\/wp-content\/uploads\/2021\/02\/top-premium-badge.png\" class=\"attachment-large size-large wp-image-84066\" alt=\"\" srcset=\"https:\/\/marbellabanussuites.com\/wp-content\/uploads\/2021\/02\/top-premium-badge.png 500w, https:\/\/marbellabanussuites.com\/wp-content\/uploads\/2021\/02\/top-premium-badge-287x300.png 287w\" sizes=\"(max-width: 500px) 100vw, 500px\" \/>\t\t\t\t\t\t\t\t\t\t\t\t\t\t\t<\/div>\n\t\t\t\t<\/div>\n\t\t\t\t\t<\/div>\n\t\t<\/div>\n\t\t\t\t<div class=\"elementor-column elementor-col-16 elementor-top-column elementor-element elementor-element-208256d\" data-id=\"208256d\" data-element_type=\"column\">\n\t\t\t<div class=\"elementor-widget-wrap elementor-element-populated\">\n\t\t\t\t\t\t<div class=\"elementor-element elementor-element-8bba39a elementor-invisible elementor-widget elementor-widget-image\" data-id=\"8bba39a\" data-element_type=\"widget\" data-settings=\"{&quot;_animation&quot;:&quot;fadeIn&quot;}\" data-widget_type=\"image.default\">\n\t\t\t\t<div class=\"elementor-widget-container\">\n\t\t\t\t\t\t\t\t\t\t\t\t\t\t\t<img loading=\"lazy\" decoding=\"async\" width=\"500\" height=\"522\" src=\"https:\/\/marbellabanussuites.com\/wp-content\/uploads\/2021\/02\/360-badge.png\" class=\"attachment-large size-large wp-image-84067\" alt=\"\" srcset=\"https:\/\/marbellabanussuites.com\/wp-content\/uploads\/2021\/02\/360-badge.png 500w, https:\/\/marbellabanussuites.com\/wp-content\/uploads\/2021\/02\/360-badge-287x300.png 287w\" sizes=\"(max-width: 500px) 100vw, 500px\" \/>\t\t\t\t\t\t\t\t\t\t\t\t\t\t\t<\/div>\n\t\t\t\t<\/div>\n\t\t\t\t\t<\/div>\n\t\t<\/div>\n\t\t\t\t<div class=\"elementor-column elementor-col-16 elementor-top-column elementor-element elementor-element-c81b40c\" data-id=\"c81b40c\" data-element_type=\"column\">\n\t\t\t<div class=\"elementor-widget-wrap elementor-element-populated\">\n\t\t\t\t\t\t<div class=\"elementor-element elementor-element-4fd8a21 elementor-invisible elementor-widget elementor-widget-image\" data-id=\"4fd8a21\" data-element_type=\"widget\" data-settings=\"{&quot;_animation&quot;:&quot;fadeIn&quot;}\" data-widget_type=\"image.default\">\n\t\t\t\t<div class=\"elementor-widget-container\">\n\t\t\t\t\t\t\t\t\t\t\t\t\t\t\t<img loading=\"lazy\" decoding=\"async\" width=\"500\" height=\"522\" src=\"https:\/\/marbellabanussuites.com\/wp-content\/uploads\/2021\/02\/high-standars-badge.png\" class=\"attachment-large size-large wp-image-84063\" alt=\"\" srcset=\"https:\/\/marbellabanussuites.com\/wp-content\/uploads\/2021\/02\/high-standars-badge.png 500w, https:\/\/marbellabanussuites.com\/wp-content\/uploads\/2021\/02\/high-standars-badge-287x300.png 287w\" sizes=\"(max-width: 500px) 100vw, 500px\" \/>\t\t\t\t\t\t\t\t\t\t\t\t\t\t\t<\/div>\n\t\t\t\t<\/div>\n\t\t\t\t\t<\/div>\n\t\t<\/div>\n\t\t\t\t<div class=\"elementor-column elementor-col-16 elementor-top-column elementor-element elementor-element-eb4a7ed\" data-id=\"eb4a7ed\" data-element_type=\"column\">\n\t\t\t<div class=\"elementor-widget-wrap elementor-element-populated\">\n\t\t\t\t\t\t<div class=\"elementor-element elementor-element-ef48489 elementor-invisible elementor-widget elementor-widget-image\" data-id=\"ef48489\" data-element_type=\"widget\" data-settings=\"{&quot;_animation&quot;:&quot;fadeIn&quot;}\" data-widget_type=\"image.default\">\n\t\t\t\t<div class=\"elementor-widget-container\">\n\t\t\t\t\t\t\t\t\t\t\t\t\t\t\t<img loading=\"lazy\" decoding=\"async\" width=\"500\" height=\"522\" src=\"https:\/\/marbellabanussuites.com\/wp-content\/uploads\/2021\/02\/easy-secure-fast-badge.png\" class=\"attachment-large size-large wp-image-84064\" alt=\"\" srcset=\"https:\/\/marbellabanussuites.com\/wp-content\/uploads\/2021\/02\/easy-secure-fast-badge.png 500w, https:\/\/marbellabanussuites.com\/wp-content\/uploads\/2021\/02\/easy-secure-fast-badge-287x300.png 287w\" sizes=\"(max-width: 500px) 100vw, 500px\" \/>\t\t\t\t\t\t\t\t\t\t\t\t\t\t\t<\/div>\n\t\t\t\t<\/div>\n\t\t\t\t\t<\/div>\n\t\t<\/div>\n\t\t\t\t\t<\/div>\n\t\t<\/section>\n\t\t\t\t<section class=\"elementor-section elementor-top-section elementor-element elementor-element-39d7fc0 elementor-section-stretched elementor-section-content-middle elementor-section-boxed elementor-section-height-default elementor-section-height-default\" data-id=\"39d7fc0\" data-element_type=\"section\" data-settings=\"{&quot;stretch_section&quot;:&quot;section-stretched&quot;,&quot;background_background&quot;:&quot;classic&quot;}\">\n\t\t\t\t\t\t<div class=\"elementor-container elementor-column-gap-default\">\n\t\t\t\t\t<div class=\"elementor-column elementor-col-20 elementor-top-column elementor-element elementor-element-f4ff943\" data-id=\"f4ff943\" data-element_type=\"column\">\n\t\t\t<div class=\"elementor-widget-wrap elementor-element-populated\">\n\t\t\t\t\t\t<div class=\"elementor-element elementor-element-e5ccac5 elementor-widget elementor-widget-image\" data-id=\"e5ccac5\" data-element_type=\"widget\" data-widget_type=\"image.default\">\n\t\t\t\t<div class=\"elementor-widget-container\">\n\t\t\t\t\t\t\t\t\t\t\t\t\t\t\t<img loading=\"lazy\" decoding=\"async\" width=\"400\" height=\"262\" src=\"https:\/\/marbellabanussuites.com\/wp-content\/uploads\/2024\/10\/Vacation-Rental-Property-Managemnt-ISO-9001-Marbella-Banus-Suites-Logo.png\" class=\"attachment-full size-full wp-image-88151\" alt=\"\" srcset=\"https:\/\/marbellabanussuites.com\/wp-content\/uploads\/2024\/10\/Vacation-Rental-Property-Managemnt-ISO-9001-Marbella-Banus-Suites-Logo.png 400w, https:\/\/marbellabanussuites.com\/wp-content\/uploads\/2024\/10\/Vacation-Rental-Property-Managemnt-ISO-9001-Marbella-Banus-Suites-Logo-300x197.png 300w\" sizes=\"(max-width: 400px) 100vw, 400px\" \/>\t\t\t\t\t\t\t\t\t\t\t\t\t\t\t<\/div>\n\t\t\t\t<\/div>\n\t\t\t\t\t<\/div>\n\t\t<\/div>\n\t\t\t\t<div class=\"elementor-column elementor-col-20 elementor-top-column elementor-element elementor-element-0572902\" data-id=\"0572902\" data-element_type=\"column\">\n\t\t\t<div class=\"elementor-widget-wrap elementor-element-populated\">\n\t\t\t\t\t\t<div class=\"elementor-element elementor-element-032295c elementor-widget elementor-widget-image\" data-id=\"032295c\" data-element_type=\"widget\" data-widget_type=\"image.default\">\n\t\t\t\t<div class=\"elementor-widget-container\">\n\t\t\t\t\t\t\t\t\t\t\t\t\t\t\t<img loading=\"lazy\" decoding=\"async\" width=\"501\" height=\"500\" src=\"https:\/\/marbellabanussuites.com\/wp-content\/uploads\/2022\/02\/Instagram-Sticker-Ribbon-TRA-2022.png\" class=\"attachment-large size-large wp-image-85457\" alt=\"\" srcset=\"https:\/\/marbellabanussuites.com\/wp-content\/uploads\/2022\/02\/Instagram-Sticker-Ribbon-TRA-2022.png 501w, https:\/\/marbellabanussuites.com\/wp-content\/uploads\/2022\/02\/Instagram-Sticker-Ribbon-TRA-2022-300x300.png 300w, https:\/\/marbellabanussuites.com\/wp-content\/uploads\/2022\/02\/Instagram-Sticker-Ribbon-TRA-2022-100x100.png 100w, https:\/\/marbellabanussuites.com\/wp-content\/uploads\/2022\/02\/Instagram-Sticker-Ribbon-TRA-2022-150x150.png 150w, https:\/\/marbellabanussuites.com\/wp-content\/uploads\/2022\/02\/Instagram-Sticker-Ribbon-TRA-2022-60x60.png 60w\" sizes=\"(max-width: 501px) 100vw, 501px\" \/>\t\t\t\t\t\t\t\t\t\t\t\t\t\t\t<\/div>\n\t\t\t\t<\/div>\n\t\t\t\t\t<\/div>\n\t\t<\/div>\n\t\t\t\t<div class=\"elementor-column elementor-col-20 elementor-top-column elementor-element elementor-element-54ec9ca\" data-id=\"54ec9ca\" data-element_type=\"column\">\n\t\t\t<div class=\"elementor-widget-wrap elementor-element-populated\">\n\t\t\t\t\t\t<div class=\"elementor-element elementor-element-19f1569 elementor-widget elementor-widget-image\" data-id=\"19f1569\" data-element_type=\"widget\" data-widget_type=\"image.default\">\n\t\t\t\t<div class=\"elementor-widget-container\">\n\t\t\t\t\t\t\t\t\t\t\t\t\t\t\t<img loading=\"lazy\" decoding=\"async\" width=\"150\" height=\"150\" src=\"https:\/\/marbellabanussuites.com\/wp-content\/uploads\/2024\/03\/Marbella-Banus-Suites-Booking-Awards-square-tiffany-new-150x150.jpg\" class=\"attachment-thumbnail size-thumbnail wp-image-86580\" alt=\"\" srcset=\"https:\/\/marbellabanussuites.com\/wp-content\/uploads\/2024\/03\/Marbella-Banus-Suites-Booking-Awards-square-tiffany-new-150x150.jpg 150w, https:\/\/marbellabanussuites.com\/wp-content\/uploads\/2024\/03\/Marbella-Banus-Suites-Booking-Awards-square-tiffany-new-300x300.jpg 300w, https:\/\/marbellabanussuites.com\/wp-content\/uploads\/2024\/03\/Marbella-Banus-Suites-Booking-Awards-square-tiffany-new-60x60.jpg 60w, https:\/\/marbellabanussuites.com\/wp-content\/uploads\/2024\/03\/Marbella-Banus-Suites-Booking-Awards-square-tiffany-new-100x100.jpg 100w, https:\/\/marbellabanussuites.com\/wp-content\/uploads\/2024\/03\/Marbella-Banus-Suites-Booking-Awards-square-tiffany-new.jpg 600w\" sizes=\"(max-width: 150px) 100vw, 150px\" \/>\t\t\t\t\t\t\t\t\t\t\t\t\t\t\t<\/div>\n\t\t\t\t<\/div>\n\t\t\t\t\t<\/div>\n\t\t<\/div>\n\t\t\t\t<div class=\"elementor-column elementor-col-20 elementor-top-column elementor-element elementor-element-7aa8c46\" data-id=\"7aa8c46\" data-element_type=\"column\">\n\t\t\t<div class=\"elementor-widget-wrap elementor-element-populated\">\n\t\t\t\t\t\t<div class=\"elementor-element elementor-element-c184774 elementor-widget elementor-widget-image\" data-id=\"c184774\" data-element_type=\"widget\" data-widget_type=\"image.default\">\n\t\t\t\t<div class=\"elementor-widget-container\">\n\t\t\t\t\t\t\t\t\t\t\t\t\t\t\t<img loading=\"lazy\" decoding=\"async\" width=\"600\" height=\"183\" src=\"https:\/\/marbellabanussuites.com\/wp-content\/uploads\/2024\/03\/Marbella-Banus-Suites-Booking-Awards.jpg\" class=\"attachment-large size-large wp-image-86441\" alt=\"\" srcset=\"https:\/\/marbellabanussuites.com\/wp-content\/uploads\/2024\/03\/Marbella-Banus-Suites-Booking-Awards.jpg 600w, https:\/\/marbellabanussuites.com\/wp-content\/uploads\/2024\/03\/Marbella-Banus-Suites-Booking-Awards-300x92.jpg 300w\" sizes=\"(max-width: 600px) 100vw, 600px\" \/>\t\t\t\t\t\t\t\t\t\t\t\t\t\t\t<\/div>\n\t\t\t\t<\/div>\n\t\t\t\t\t<\/div>\n\t\t<\/div>\n\t\t\t\t<div class=\"elementor-column elementor-col-20 elementor-top-column elementor-element elementor-element-7cf97f8\" data-id=\"7cf97f8\" data-element_type=\"column\">\n\t\t\t<div class=\"elementor-widget-wrap elementor-element-populated\">\n\t\t\t\t\t\t<div class=\"elementor-element elementor-element-8325267 elementor-widget elementor-widget-image\" data-id=\"8325267\" data-element_type=\"widget\" data-widget_type=\"image.default\">\n\t\t\t\t<div class=\"elementor-widget-container\">\n\t\t\t\t\t\t\t\t\t\t\t\t\t\t\t<img loading=\"lazy\" decoding=\"async\" width=\"300\" height=\"201\" src=\"https:\/\/marbellabanussuites.com\/wp-content\/uploads\/2022\/02\/airbnb-superhost-marbella.png\" class=\"attachment-large size-large wp-image-85465\" alt=\"\" srcset=\"https:\/\/marbellabanussuites.com\/wp-content\/uploads\/2022\/02\/airbnb-superhost-marbella.png 300w, https:\/\/marbellabanussuites.com\/wp-content\/uploads\/2022\/02\/airbnb-superhost-marbella-240x160.png 240w\" sizes=\"(max-width: 300px) 100vw, 300px\" \/>\t\t\t\t\t\t\t\t\t\t\t\t\t\t\t<\/div>\n\t\t\t\t<\/div>\n\t\t\t\t\t<\/div>\n\t\t<\/div>\n\t\t\t\t\t<\/div>\n\t\t<\/section>\n\t\t\t\t<\/div>\n\t\t","protected":false},"excerpt":{"rendered":"<p>Apartamentos de vacaciones en Nueva Andaluc\u00eda Encuentra tu apartamento de vacaciones ideal en Nueva Andaluc\u00eda. Descubre la belleza y tranquilidad de Nueva Andaluc\u00eda con Marbella Ban\u00fas Suites. Nuestros exclusivos apartamentos de vacaciones ofrecen el equilibrio perfecto entre comodidad, estilo y conveniencia, asegurando una estancia relajante e inolvidable. Explora nuestra cuidada colecci\u00f3n de apartamentos de vacaciones &#8230;<\/p>\n","protected":false},"author":1,"featured_media":0,"parent":0,"menu_order":0,"comment_status":"closed","ping_status":"closed","template":"","meta":{"inline_featured_image":false,"_joinchat":[],"footnotes":""},"class_list":["post-95284","page","type-page","status-publish","hentry"],"_links":{"self":[{"href":"https:\/\/marbellabanussuites.com\/es\/wp-json\/wp\/v2\/pages\/95284","targetHints":{"allow":["GET"]}}],"collection":[{"href":"https:\/\/marbellabanussuites.com\/es\/wp-json\/wp\/v2\/pages"}],"about":[{"href":"https:\/\/marbellabanussuites.com\/es\/wp-json\/wp\/v2\/types\/page"}],"author":[{"embeddable":true,"href":"https:\/\/marbellabanussuites.com\/es\/wp-json\/wp\/v2\/users\/1"}],"replies":[{"embeddable":true,"href":"https:\/\/marbellabanussuites.com\/es\/wp-json\/wp\/v2\/comments?post=95284"}],"version-history":[{"count":0,"href":"https:\/\/marbellabanussuites.com\/es\/wp-json\/wp\/v2\/pages\/95284\/revisions"}],"wp:attachment":[{"href":"https:\/\/marbellabanussuites.com\/es\/wp-json\/wp\/v2\/media?parent=95284"}],"curies":[{"name":"wp","href":"https:\/\/api.w.org\/{rel}","templated":true}]}}