{"id":95271,"date":"2024-12-17T11:10:52","date_gmt":"2024-12-17T11:10:52","guid":{"rendered":"https:\/\/marbellabanussuites.com\/beachfront-apartments-in-marbella-puerto-banus\/"},"modified":"2024-12-17T12:31:25","modified_gmt":"2024-12-17T12:31:25","slug":"apartamentos-en-marbella-y-puerto-banus-en-primera-linea-de-playa","status":"publish","type":"page","link":"https:\/\/marbellabanussuites.com\/es\/apartamentos-en-marbella-y-puerto-banus-en-primera-linea-de-playa\/","title":{"rendered":"Apartamentos en Marbella y Puerto Ban\u00fas en primera linea de playa"},"content":{"rendered":"\t\t<div data-elementor-type=\"wp-page\" data-elementor-id=\"95271\" class=\"elementor elementor-95271 elementor-95253\" data-elementor-post-type=\"page\">\n\t\t\t\t\t\t<section class=\"elementor-section elementor-top-section elementor-element elementor-element-2a70733 elementor-section-boxed elementor-section-height-default elementor-section-height-default\" data-id=\"2a70733\" data-element_type=\"section\">\n\t\t\t\t\t\t<div class=\"elementor-container elementor-column-gap-default\">\n\t\t\t\t\t<div class=\"elementor-column elementor-col-100 elementor-top-column elementor-element elementor-element-97b2cc4\" data-id=\"97b2cc4\" data-element_type=\"column\">\n\t\t\t<div class=\"elementor-widget-wrap elementor-element-populated\">\n\t\t\t\t\t\t<div class=\"elementor-element elementor-element-4c872fe elementor-widget elementor-widget-heading\" data-id=\"4c872fe\" data-element_type=\"widget\" data-widget_type=\"heading.default\">\n\t\t\t\t<div class=\"elementor-widget-container\">\n\t\t\t\t\t<h1 class=\"elementor-heading-title elementor-size-default\">Apartamentos en Marbella y Puerto Ban\u00fas en primera linea de playa<\/h1>\t\t\t\t<\/div>\n\t\t\t\t<\/div>\n\t\t\t\t<div class=\"elementor-element elementor-element-2ee8e4b elementor-widget elementor-widget-heading\" data-id=\"2ee8e4b\" data-element_type=\"widget\" data-widget_type=\"heading.default\">\n\t\t\t\t<div class=\"elementor-widget-container\">\n\t\t\t\t\t<h2 class=\"elementor-heading-title elementor-size-default\">Impresionantes apartamentos frente al mar en Marbella y Puerto Ban\u00fas.<\/h2>\t\t\t\t<\/div>\n\t\t\t\t<\/div>\n\t\t\t\t<div class=\"elementor-element elementor-element-5c8a89b elementor-widget elementor-widget-text-editor\" data-id=\"5c8a89b\" data-element_type=\"widget\" data-widget_type=\"text-editor.default\">\n\t\t\t\t<div class=\"elementor-widget-container\">\n\t\t\t\t\t\t\t\t\t<p data-pm-slice=\"1 1 []\">Nuestros exclusivos apartamentos frente al mar ofrecen un acceso inigualable a las playas m\u00e1s hermosas y c\u00e9ntricas de Marbella y Puerto Ban\u00fas, garantizando una experiencia vacacional verdaderamente inolvidable. Explora nuestra cuidada selecci\u00f3n de apartamentos frente a la playa en Marbella y Puerto Ban\u00fas a continuaci\u00f3n. Tenemos la propiedad perfecta para hacer realidad tus vacaciones so\u00f1adas junto al mar.<\/p>\t\t\t\t\t\t\t\t<\/div>\n\t\t\t\t<\/div>\n\t\t\t\t<div class=\"elementor-element elementor-element-c3232fe elementor-widget elementor-widget-html\" data-id=\"c3232fe\" data-element_type=\"widget\" data-widget_type=\"html.default\">\n\t\t\t\t<div class=\"elementor-widget-container\">\n\t\t\t\t\t<iframe src=\"https:\/\/marbellabanussuites.icnea.net\/es\/search\" style=\"width:100%; min-height:320px; position: absolute; z-index: 1;\" scrolling=\"no\" frameborder=\"0\"><\/iframe>\t\t\t\t<\/div>\n\t\t\t\t<\/div>\n\t\t\t\t\t<\/div>\n\t\t<\/div>\n\t\t\t\t\t<\/div>\n\t\t<\/section>\n\t\t\t\t<section class=\"elementor-section elementor-top-section elementor-element elementor-element-65722c4 elementor-section-boxed elementor-section-height-default elementor-section-height-default\" data-id=\"65722c4\" data-element_type=\"section\">\n\t\t\t\t\t\t<div class=\"elementor-container elementor-column-gap-default\">\n\t\t\t\t\t<div class=\"elementor-column elementor-col-100 elementor-top-column elementor-element elementor-element-8e0b748\" data-id=\"8e0b748\" data-element_type=\"column\">\n\t\t\t<div class=\"elementor-widget-wrap\">\n\t\t\t\t\t\t\t<\/div>\n\t\t<\/div>\n\t\t\t\t\t<\/div>\n\t\t<\/section>\n\t\t\t\t<section class=\"elementor-section elementor-top-section elementor-element elementor-element-657372e elementor-section-boxed elementor-section-height-default elementor-section-height-default\" data-id=\"657372e\" data-element_type=\"section\">\n\t\t\t\t\t\t<div class=\"elementor-container elementor-column-gap-default\">\n\t\t\t\t\t<div class=\"elementor-column elementor-col-100 elementor-top-column elementor-element elementor-element-7a114e1\" data-id=\"7a114e1\" data-element_type=\"column\">\n\t\t\t<div class=\"elementor-widget-wrap elementor-element-populated\">\n\t\t\t\t\t\t<div class=\"elementor-element elementor-element-27d7cd5 elementor-widget elementor-widget-text-editor\" data-id=\"27d7cd5\" data-element_type=\"widget\" data-widget_type=\"text-editor.default\">\n\t\t\t\t<div class=\"elementor-widget-container\">\n\t\t\t\t\t\t\t\t\t<h3 data-pm-slice=\"1 1 []\"><strong>Tu escapada frente al mar te espera<\/strong><\/h3><p>Reserva hoy tu apartamento frente a la playa en Marbella o Puerto Ban\u00fas con Marbella Ban\u00fas Suites y disfruta del retiro costero definitivo. El para\u00edso est\u00e1 a solo una reserva de distancia.<\/p><p><strong style=\"color: #484848; font-family: inherit; font-size: 18px;\">\u00bfPor qu\u00e9 elegir nuestros apartamentos frente al mar?<\/strong><\/p><ul data-spread=\"false\"><li><p>Ubicaciones inmejorables: Disfruta de acceso directo a la playa y vistas costeras impresionantes, mientras te encuentras cerca de las principales atracciones, tiendas y restaurantes de Marbella y Puerto Ban\u00fas.<\/p><\/li><li><p>Comodidad y estilo premium: Rel\u00e1jate en modernos apartamentos bellamente amueblados con todas las comodidades que necesitas para una estancia perfecta.<\/p><\/li><li><p>Experiencia boutique a medida: Desde tu llegada hasta tu salida, nuestro servicio personalizado garantiza unas vacaciones sin interrupciones y sin estr\u00e9s.<\/p><\/li><li><p>Beneficios de la reserva directa: Reserva tu apartamento directamente con nosotros y disfruta de tarifas exclusivas sin tarifas ocultas.<\/p><\/li><\/ul>\t\t\t\t\t\t\t\t<\/div>\n\t\t\t\t<\/div>\n\t\t\t\t<section class=\"elementor-section elementor-inner-section elementor-element elementor-element-8ce7426 elementor-section-boxed elementor-section-height-default elementor-section-height-default\" data-id=\"8ce7426\" data-element_type=\"section\">\n\t\t\t\t\t\t<div class=\"elementor-container elementor-column-gap-default\">\n\t\t\t\t\t<div class=\"elementor-column elementor-col-33 elementor-inner-column elementor-element elementor-element-d0a13e4\" data-id=\"d0a13e4\" data-element_type=\"column\">\n\t\t\t<div class=\"elementor-widget-wrap\">\n\t\t\t\t\t\t\t<\/div>\n\t\t<\/div>\n\t\t\t\t<div class=\"elementor-column elementor-col-33 elementor-inner-column elementor-element elementor-element-48a7322 elementor-invisible\" data-id=\"48a7322\" data-element_type=\"column\" data-settings=\"{&quot;animation&quot;:&quot;fadeIn&quot;,&quot;animation_delay&quot;:&quot;200&quot;}\">\n\t\t\t<div class=\"elementor-widget-wrap elementor-element-populated\">\n\t\t\t\t\t\t<div class=\"elementor-element elementor-element-7c867bc elementor-widget elementor-widget-heading\" data-id=\"7c867bc\" data-element_type=\"widget\" data-widget_type=\"heading.default\">\n\t\t\t\t<div class=\"elementor-widget-container\">\n\t\t\t\t\t<p class=\"elementor-heading-title elementor-size-default\">Ver \u00e1reas cercanas y m\u00e1s propiedades<\/p>\t\t\t\t<\/div>\n\t\t\t\t<\/div>\n\t\t\t\t<div class=\"elementor-element elementor-element-458bfce elementor-widget elementor-widget-heading\" data-id=\"458bfce\" data-element_type=\"widget\" data-widget_type=\"heading.default\">\n\t\t\t\t<div class=\"elementor-widget-container\">\n\t\t\t\t\t<h3 class=\"elementor-heading-title elementor-size-default\">Refina tu b\u00fasqueda<\/h3>\t\t\t\t<\/div>\n\t\t\t\t<\/div>\n\t\t\t\t<div class=\"elementor-element elementor-element-420da09 elementor-align-center animated-slow elementor-invisible elementor-widget elementor-widget-button\" data-id=\"420da09\" data-element_type=\"widget\" data-settings=\"{&quot;_animation&quot;:&quot;bounce&quot;}\" data-widget_type=\"button.default\">\n\t\t\t\t<div class=\"elementor-widget-container\">\n\t\t\t\t\t\t\t\t\t<div class=\"elementor-button-wrapper\">\n\t\t\t\t\t<a class=\"elementor-button elementor-button-link elementor-size-sm\" href=\"\/es\/propiedades\/\">\n\t\t\t\t\t\t<span class=\"elementor-button-content-wrapper\">\n\t\t\t\t\t\t<span class=\"elementor-button-icon\">\n\t\t\t\t<i aria-hidden=\"true\" class=\"fas fa-search-plus\"><\/i>\t\t\t<\/span>\n\t\t\t\t\t\t\t\t\t<span class=\"elementor-button-text\">Ver todas las propiedades y b\u00fasqueda avanzada<\/span>\n\t\t\t\t\t<\/span>\n\t\t\t\t\t<\/a>\n\t\t\t\t<\/div>\n\t\t\t\t\t\t\t\t<\/div>\n\t\t\t\t<\/div>\n\t\t\t\t<div class=\"elementor-element elementor-element-9e68fe2 elementor-widget elementor-widget-heading\" data-id=\"9e68fe2\" data-element_type=\"widget\" data-widget_type=\"heading.default\">\n\t\t\t\t<div class=\"elementor-widget-container\">\n\t\t\t\t\t<p class=\"elementor-heading-title elementor-size-default\">Nos encanta compartir nuestra selecci\u00f3n de los mejores lugares para que disfrutes en Marbella.<\/p>\t\t\t\t<\/div>\n\t\t\t\t<\/div>\n\t\t\t\t\t<\/div>\n\t\t<\/div>\n\t\t\t\t<div class=\"elementor-column elementor-col-33 elementor-inner-column elementor-element elementor-element-8c3e51b\" data-id=\"8c3e51b\" data-element_type=\"column\">\n\t\t\t<div class=\"elementor-widget-wrap\">\n\t\t\t\t\t\t\t<\/div>\n\t\t<\/div>\n\t\t\t\t\t<\/div>\n\t\t<\/section>\n\t\t\t\t\t<\/div>\n\t\t<\/div>\n\t\t\t\t\t<\/div>\n\t\t<\/section>\n\t\t\t\t<section class=\"elementor-section elementor-top-section elementor-element elementor-element-2f93c2e elementor-section-stretched elementor-section-boxed elementor-section-height-default elementor-section-height-default\" data-id=\"2f93c2e\" data-element_type=\"section\" data-settings=\"{&quot;stretch_section&quot;:&quot;section-stretched&quot;,&quot;background_background&quot;:&quot;classic&quot;}\">\n\t\t\t\t\t\t<div class=\"elementor-container elementor-column-gap-default\">\n\t\t\t\t\t<div class=\"elementor-column elementor-col-16 elementor-top-column elementor-element elementor-element-3c2f0ba\" data-id=\"3c2f0ba\" data-element_type=\"column\">\n\t\t\t<div class=\"elementor-widget-wrap elementor-element-populated\">\n\t\t\t\t\t\t<div class=\"elementor-element elementor-element-09ed383 elementor-invisible elementor-widget elementor-widget-image\" data-id=\"09ed383\" data-element_type=\"widget\" data-settings=\"{&quot;_animation&quot;:&quot;fadeIn&quot;}\" data-widget_type=\"image.default\">\n\t\t\t\t<div class=\"elementor-widget-container\">\n\t\t\t\t\t\t\t\t\t\t\t\t\t\t\t<img fetchpriority=\"high\" decoding=\"async\" width=\"500\" height=\"522\" src=\"https:\/\/marbellabanussuites.com\/wp-content\/uploads\/2021\/02\/best-price-500.png\" class=\"attachment-large size-large wp-image-84062\" alt=\"\" srcset=\"https:\/\/marbellabanussuites.com\/wp-content\/uploads\/2021\/02\/best-price-500.png 500w, https:\/\/marbellabanussuites.com\/wp-content\/uploads\/2021\/02\/best-price-500-287x300.png 287w\" sizes=\"(max-width: 500px) 100vw, 500px\" \/>\t\t\t\t\t\t\t\t\t\t\t\t\t\t\t<\/div>\n\t\t\t\t<\/div>\n\t\t\t\t\t<\/div>\n\t\t<\/div>\n\t\t\t\t<div class=\"elementor-column elementor-col-16 elementor-top-column elementor-element elementor-element-a43d332\" data-id=\"a43d332\" data-element_type=\"column\">\n\t\t\t<div class=\"elementor-widget-wrap elementor-element-populated\">\n\t\t\t\t\t\t<div class=\"elementor-element elementor-element-c7c3acd elementor-invisible elementor-widget elementor-widget-image\" data-id=\"c7c3acd\" data-element_type=\"widget\" data-settings=\"{&quot;_animation&quot;:&quot;fadeIn&quot;}\" data-widget_type=\"image.default\">\n\t\t\t\t<div class=\"elementor-widget-container\">\n\t\t\t\t\t\t\t\t\t\t\t\t\t\t\t<img decoding=\"async\" width=\"500\" height=\"522\" src=\"https:\/\/marbellabanussuites.com\/wp-content\/uploads\/2021\/02\/eco-friendly-badge.png\" class=\"attachment-large size-large wp-image-84065\" alt=\"\" srcset=\"https:\/\/marbellabanussuites.com\/wp-content\/uploads\/2021\/02\/eco-friendly-badge.png 500w, https:\/\/marbellabanussuites.com\/wp-content\/uploads\/2021\/02\/eco-friendly-badge-287x300.png 287w\" sizes=\"(max-width: 500px) 100vw, 500px\" \/>\t\t\t\t\t\t\t\t\t\t\t\t\t\t\t<\/div>\n\t\t\t\t<\/div>\n\t\t\t\t\t<\/div>\n\t\t<\/div>\n\t\t\t\t<div class=\"elementor-column elementor-col-16 elementor-top-column elementor-element elementor-element-35d8fea\" data-id=\"35d8fea\" data-element_type=\"column\">\n\t\t\t<div class=\"elementor-widget-wrap elementor-element-populated\">\n\t\t\t\t\t\t<div class=\"elementor-element elementor-element-7e370b1 elementor-invisible elementor-widget elementor-widget-image\" data-id=\"7e370b1\" data-element_type=\"widget\" data-settings=\"{&quot;_animation&quot;:&quot;fadeIn&quot;}\" data-widget_type=\"image.default\">\n\t\t\t\t<div class=\"elementor-widget-container\">\n\t\t\t\t\t\t\t\t\t\t\t\t\t\t\t<img decoding=\"async\" width=\"500\" height=\"522\" src=\"https:\/\/marbellabanussuites.com\/wp-content\/uploads\/2021\/02\/top-premium-badge.png\" class=\"attachment-large size-large wp-image-84066\" alt=\"\" srcset=\"https:\/\/marbellabanussuites.com\/wp-content\/uploads\/2021\/02\/top-premium-badge.png 500w, https:\/\/marbellabanussuites.com\/wp-content\/uploads\/2021\/02\/top-premium-badge-287x300.png 287w\" sizes=\"(max-width: 500px) 100vw, 500px\" \/>\t\t\t\t\t\t\t\t\t\t\t\t\t\t\t<\/div>\n\t\t\t\t<\/div>\n\t\t\t\t\t<\/div>\n\t\t<\/div>\n\t\t\t\t<div class=\"elementor-column elementor-col-16 elementor-top-column elementor-element elementor-element-208256d\" data-id=\"208256d\" data-element_type=\"column\">\n\t\t\t<div class=\"elementor-widget-wrap elementor-element-populated\">\n\t\t\t\t\t\t<div class=\"elementor-element elementor-element-8bba39a elementor-invisible elementor-widget elementor-widget-image\" data-id=\"8bba39a\" data-element_type=\"widget\" data-settings=\"{&quot;_animation&quot;:&quot;fadeIn&quot;}\" data-widget_type=\"image.default\">\n\t\t\t\t<div class=\"elementor-widget-container\">\n\t\t\t\t\t\t\t\t\t\t\t\t\t\t\t<img loading=\"lazy\" decoding=\"async\" width=\"500\" height=\"522\" src=\"https:\/\/marbellabanussuites.com\/wp-content\/uploads\/2021\/02\/360-badge.png\" class=\"attachment-large size-large wp-image-84067\" alt=\"\" srcset=\"https:\/\/marbellabanussuites.com\/wp-content\/uploads\/2021\/02\/360-badge.png 500w, https:\/\/marbellabanussuites.com\/wp-content\/uploads\/2021\/02\/360-badge-287x300.png 287w\" sizes=\"(max-width: 500px) 100vw, 500px\" \/>\t\t\t\t\t\t\t\t\t\t\t\t\t\t\t<\/div>\n\t\t\t\t<\/div>\n\t\t\t\t\t<\/div>\n\t\t<\/div>\n\t\t\t\t<div class=\"elementor-column elementor-col-16 elementor-top-column elementor-element elementor-element-c81b40c\" data-id=\"c81b40c\" data-element_type=\"column\">\n\t\t\t<div class=\"elementor-widget-wrap elementor-element-populated\">\n\t\t\t\t\t\t<div class=\"elementor-element elementor-element-4fd8a21 elementor-invisible elementor-widget elementor-widget-image\" data-id=\"4fd8a21\" data-element_type=\"widget\" data-settings=\"{&quot;_animation&quot;:&quot;fadeIn&quot;}\" data-widget_type=\"image.default\">\n\t\t\t\t<div class=\"elementor-widget-container\">\n\t\t\t\t\t\t\t\t\t\t\t\t\t\t\t<img loading=\"lazy\" decoding=\"async\" width=\"500\" height=\"522\" src=\"https:\/\/marbellabanussuites.com\/wp-content\/uploads\/2021\/02\/high-standars-badge.png\" class=\"attachment-large size-large wp-image-84063\" alt=\"\" srcset=\"https:\/\/marbellabanussuites.com\/wp-content\/uploads\/2021\/02\/high-standars-badge.png 500w, https:\/\/marbellabanussuites.com\/wp-content\/uploads\/2021\/02\/high-standars-badge-287x300.png 287w\" sizes=\"(max-width: 500px) 100vw, 500px\" \/>\t\t\t\t\t\t\t\t\t\t\t\t\t\t\t<\/div>\n\t\t\t\t<\/div>\n\t\t\t\t\t<\/div>\n\t\t<\/div>\n\t\t\t\t<div class=\"elementor-column elementor-col-16 elementor-top-column elementor-element elementor-element-eb4a7ed\" data-id=\"eb4a7ed\" data-element_type=\"column\">\n\t\t\t<div class=\"elementor-widget-wrap elementor-element-populated\">\n\t\t\t\t\t\t<div class=\"elementor-element elementor-element-ef48489 elementor-invisible elementor-widget elementor-widget-image\" data-id=\"ef48489\" data-element_type=\"widget\" data-settings=\"{&quot;_animation&quot;:&quot;fadeIn&quot;}\" data-widget_type=\"image.default\">\n\t\t\t\t<div class=\"elementor-widget-container\">\n\t\t\t\t\t\t\t\t\t\t\t\t\t\t\t<img loading=\"lazy\" decoding=\"async\" width=\"500\" height=\"522\" src=\"https:\/\/marbellabanussuites.com\/wp-content\/uploads\/2021\/02\/easy-secure-fast-badge.png\" class=\"attachment-large size-large wp-image-84064\" alt=\"\" srcset=\"https:\/\/marbellabanussuites.com\/wp-content\/uploads\/2021\/02\/easy-secure-fast-badge.png 500w, https:\/\/marbellabanussuites.com\/wp-content\/uploads\/2021\/02\/easy-secure-fast-badge-287x300.png 287w\" sizes=\"(max-width: 500px) 100vw, 500px\" \/>\t\t\t\t\t\t\t\t\t\t\t\t\t\t\t<\/div>\n\t\t\t\t<\/div>\n\t\t\t\t\t<\/div>\n\t\t<\/div>\n\t\t\t\t\t<\/div>\n\t\t<\/section>\n\t\t\t\t<section class=\"elementor-section elementor-top-section elementor-element elementor-element-39d7fc0 elementor-section-stretched elementor-section-content-middle elementor-section-boxed elementor-section-height-default elementor-section-height-default\" data-id=\"39d7fc0\" data-element_type=\"section\" data-settings=\"{&quot;stretch_section&quot;:&quot;section-stretched&quot;,&quot;background_background&quot;:&quot;classic&quot;}\">\n\t\t\t\t\t\t<div class=\"elementor-container elementor-column-gap-default\">\n\t\t\t\t\t<div class=\"elementor-column elementor-col-20 elementor-top-column elementor-element elementor-element-f4ff943\" data-id=\"f4ff943\" data-element_type=\"column\">\n\t\t\t<div class=\"elementor-widget-wrap elementor-element-populated\">\n\t\t\t\t\t\t<div class=\"elementor-element elementor-element-e5ccac5 elementor-widget elementor-widget-image\" data-id=\"e5ccac5\" data-element_type=\"widget\" data-widget_type=\"image.default\">\n\t\t\t\t<div class=\"elementor-widget-container\">\n\t\t\t\t\t\t\t\t\t\t\t\t\t\t\t<img loading=\"lazy\" decoding=\"async\" width=\"400\" height=\"262\" src=\"https:\/\/marbellabanussuites.com\/wp-content\/uploads\/2024\/10\/Vacation-Rental-Property-Managemnt-ISO-9001-Marbella-Banus-Suites-Logo.png\" class=\"attachment-full size-full wp-image-88151\" alt=\"\" srcset=\"https:\/\/marbellabanussuites.com\/wp-content\/uploads\/2024\/10\/Vacation-Rental-Property-Managemnt-ISO-9001-Marbella-Banus-Suites-Logo.png 400w, https:\/\/marbellabanussuites.com\/wp-content\/uploads\/2024\/10\/Vacation-Rental-Property-Managemnt-ISO-9001-Marbella-Banus-Suites-Logo-300x197.png 300w\" sizes=\"(max-width: 400px) 100vw, 400px\" \/>\t\t\t\t\t\t\t\t\t\t\t\t\t\t\t<\/div>\n\t\t\t\t<\/div>\n\t\t\t\t\t<\/div>\n\t\t<\/div>\n\t\t\t\t<div class=\"elementor-column elementor-col-20 elementor-top-column elementor-element elementor-element-0572902\" data-id=\"0572902\" data-element_type=\"column\">\n\t\t\t<div class=\"elementor-widget-wrap elementor-element-populated\">\n\t\t\t\t\t\t<div class=\"elementor-element elementor-element-032295c elementor-widget elementor-widget-image\" data-id=\"032295c\" data-element_type=\"widget\" data-widget_type=\"image.default\">\n\t\t\t\t<div class=\"elementor-widget-container\">\n\t\t\t\t\t\t\t\t\t\t\t\t\t\t\t<img loading=\"lazy\" decoding=\"async\" width=\"501\" height=\"500\" src=\"https:\/\/marbellabanussuites.com\/wp-content\/uploads\/2022\/02\/Instagram-Sticker-Ribbon-TRA-2022.png\" class=\"attachment-large size-large wp-image-85457\" alt=\"\" srcset=\"https:\/\/marbellabanussuites.com\/wp-content\/uploads\/2022\/02\/Instagram-Sticker-Ribbon-TRA-2022.png 501w, https:\/\/marbellabanussuites.com\/wp-content\/uploads\/2022\/02\/Instagram-Sticker-Ribbon-TRA-2022-300x300.png 300w, https:\/\/marbellabanussuites.com\/wp-content\/uploads\/2022\/02\/Instagram-Sticker-Ribbon-TRA-2022-100x100.png 100w, https:\/\/marbellabanussuites.com\/wp-content\/uploads\/2022\/02\/Instagram-Sticker-Ribbon-TRA-2022-150x150.png 150w, https:\/\/marbellabanussuites.com\/wp-content\/uploads\/2022\/02\/Instagram-Sticker-Ribbon-TRA-2022-60x60.png 60w\" sizes=\"(max-width: 501px) 100vw, 501px\" \/>\t\t\t\t\t\t\t\t\t\t\t\t\t\t\t<\/div>\n\t\t\t\t<\/div>\n\t\t\t\t\t<\/div>\n\t\t<\/div>\n\t\t\t\t<div class=\"elementor-column elementor-col-20 elementor-top-column elementor-element elementor-element-54ec9ca\" data-id=\"54ec9ca\" data-element_type=\"column\">\n\t\t\t<div class=\"elementor-widget-wrap elementor-element-populated\">\n\t\t\t\t\t\t<div class=\"elementor-element elementor-element-19f1569 elementor-widget elementor-widget-image\" data-id=\"19f1569\" data-element_type=\"widget\" data-widget_type=\"image.default\">\n\t\t\t\t<div class=\"elementor-widget-container\">\n\t\t\t\t\t\t\t\t\t\t\t\t\t\t\t<img loading=\"lazy\" decoding=\"async\" width=\"150\" height=\"150\" src=\"https:\/\/marbellabanussuites.com\/wp-content\/uploads\/2024\/03\/Marbella-Banus-Suites-Booking-Awards-square-tiffany-new-150x150.jpg\" class=\"attachment-thumbnail size-thumbnail wp-image-86580\" alt=\"\" srcset=\"https:\/\/marbellabanussuites.com\/wp-content\/uploads\/2024\/03\/Marbella-Banus-Suites-Booking-Awards-square-tiffany-new-150x150.jpg 150w, https:\/\/marbellabanussuites.com\/wp-content\/uploads\/2024\/03\/Marbella-Banus-Suites-Booking-Awards-square-tiffany-new-300x300.jpg 300w, https:\/\/marbellabanussuites.com\/wp-content\/uploads\/2024\/03\/Marbella-Banus-Suites-Booking-Awards-square-tiffany-new-60x60.jpg 60w, https:\/\/marbellabanussuites.com\/wp-content\/uploads\/2024\/03\/Marbella-Banus-Suites-Booking-Awards-square-tiffany-new-100x100.jpg 100w, https:\/\/marbellabanussuites.com\/wp-content\/uploads\/2024\/03\/Marbella-Banus-Suites-Booking-Awards-square-tiffany-new.jpg 600w\" sizes=\"(max-width: 150px) 100vw, 150px\" \/>\t\t\t\t\t\t\t\t\t\t\t\t\t\t\t<\/div>\n\t\t\t\t<\/div>\n\t\t\t\t\t<\/div>\n\t\t<\/div>\n\t\t\t\t<div class=\"elementor-column elementor-col-20 elementor-top-column elementor-element elementor-element-7aa8c46\" data-id=\"7aa8c46\" data-element_type=\"column\">\n\t\t\t<div class=\"elementor-widget-wrap elementor-element-populated\">\n\t\t\t\t\t\t<div class=\"elementor-element elementor-element-c184774 elementor-widget elementor-widget-image\" data-id=\"c184774\" data-element_type=\"widget\" data-widget_type=\"image.default\">\n\t\t\t\t<div class=\"elementor-widget-container\">\n\t\t\t\t\t\t\t\t\t\t\t\t\t\t\t<img loading=\"lazy\" decoding=\"async\" width=\"600\" height=\"183\" src=\"https:\/\/marbellabanussuites.com\/wp-content\/uploads\/2024\/03\/Marbella-Banus-Suites-Booking-Awards.jpg\" class=\"attachment-large size-large wp-image-86441\" alt=\"\" srcset=\"https:\/\/marbellabanussuites.com\/wp-content\/uploads\/2024\/03\/Marbella-Banus-Suites-Booking-Awards.jpg 600w, https:\/\/marbellabanussuites.com\/wp-content\/uploads\/2024\/03\/Marbella-Banus-Suites-Booking-Awards-300x92.jpg 300w\" sizes=\"(max-width: 600px) 100vw, 600px\" \/>\t\t\t\t\t\t\t\t\t\t\t\t\t\t\t<\/div>\n\t\t\t\t<\/div>\n\t\t\t\t\t<\/div>\n\t\t<\/div>\n\t\t\t\t<div class=\"elementor-column elementor-col-20 elementor-top-column elementor-element elementor-element-7cf97f8\" data-id=\"7cf97f8\" data-element_type=\"column\">\n\t\t\t<div class=\"elementor-widget-wrap elementor-element-populated\">\n\t\t\t\t\t\t<div class=\"elementor-element elementor-element-8325267 elementor-widget elementor-widget-image\" data-id=\"8325267\" data-element_type=\"widget\" data-widget_type=\"image.default\">\n\t\t\t\t<div class=\"elementor-widget-container\">\n\t\t\t\t\t\t\t\t\t\t\t\t\t\t\t<img loading=\"lazy\" decoding=\"async\" width=\"300\" height=\"201\" src=\"https:\/\/marbellabanussuites.com\/wp-content\/uploads\/2022\/02\/airbnb-superhost-marbella.png\" class=\"attachment-large size-large wp-image-85465\" alt=\"\" srcset=\"https:\/\/marbellabanussuites.com\/wp-content\/uploads\/2022\/02\/airbnb-superhost-marbella.png 300w, https:\/\/marbellabanussuites.com\/wp-content\/uploads\/2022\/02\/airbnb-superhost-marbella-240x160.png 240w\" sizes=\"(max-width: 300px) 100vw, 300px\" \/>\t\t\t\t\t\t\t\t\t\t\t\t\t\t\t<\/div>\n\t\t\t\t<\/div>\n\t\t\t\t\t<\/div>\n\t\t<\/div>\n\t\t\t\t\t<\/div>\n\t\t<\/section>\n\t\t\t\t<\/div>\n\t\t","protected":false},"excerpt":{"rendered":"<p>Apartamentos en Marbella y Puerto Ban\u00fas en primera linea de playa Impresionantes apartamentos frente al mar en Marbella y Puerto Ban\u00fas. Nuestros exclusivos apartamentos frente al mar ofrecen un acceso inigualable a las playas m\u00e1s hermosas y c\u00e9ntricas de Marbella y Puerto Ban\u00fas, garantizando una experiencia vacacional verdaderamente inolvidable. Explora nuestra cuidada selecci\u00f3n de apartamentos &#8230;<\/p>\n","protected":false},"author":1,"featured_media":0,"parent":0,"menu_order":0,"comment_status":"closed","ping_status":"closed","template":"","meta":{"inline_featured_image":false,"_joinchat":[],"footnotes":""},"class_list":["post-95271","page","type-page","status-publish","hentry"],"_links":{"self":[{"href":"https:\/\/marbellabanussuites.com\/es\/wp-json\/wp\/v2\/pages\/95271","targetHints":{"allow":["GET"]}}],"collection":[{"href":"https:\/\/marbellabanussuites.com\/es\/wp-json\/wp\/v2\/pages"}],"about":[{"href":"https:\/\/marbellabanussuites.com\/es\/wp-json\/wp\/v2\/types\/page"}],"author":[{"embeddable":true,"href":"https:\/\/marbellabanussuites.com\/es\/wp-json\/wp\/v2\/users\/1"}],"replies":[{"embeddable":true,"href":"https:\/\/marbellabanussuites.com\/es\/wp-json\/wp\/v2\/comments?post=95271"}],"version-history":[{"count":0,"href":"https:\/\/marbellabanussuites.com\/es\/wp-json\/wp\/v2\/pages\/95271\/revisions"}],"wp:attachment":[{"href":"https:\/\/marbellabanussuites.com\/es\/wp-json\/wp\/v2\/media?parent=95271"}],"curies":[{"name":"wp","href":"https:\/\/api.w.org\/{rel}","templated":true}]}}