{"id":84550,"date":"2015-04-23T12:57:21","date_gmt":"2015-04-23T11:57:21","guid":{"rendered":"https:\/\/marbellabanussuites.com\/terms-and-conditions\/"},"modified":"2022-01-11T11:26:43","modified_gmt":"2022-01-11T11:26:43","slug":"terms-and-conditions","status":"publish","type":"page","link":"https:\/\/marbellabanussuites.com\/es\/terms-and-conditions\/","title":{"rendered":"Terms and Conditions"},"content":{"rendered":"<p class=\"p1\"><b>T\u00c9RMINOS Y CONDICIONES DEL SERVICIO<\/b><\/p>\n<p class=\"p2\">IDENTIFICADOR DEL PRESTADOR<\/p>\n<ul class=\"ul1\">\n<li class=\"li3\">Titular: MBS Suites Marbella S.L..<\/li>\n<li class=\"li3\">Domicilio social: C\/ Conjunto Hacienda El Palmeral, Fase 2 15 &#8211; Marbella &#8211; 29660 (M\u00e1laga)<\/li>\n<li class=\"li3\">CIF\/NIF: B42810853<\/li>\n<li class=\"li3\">Registro P\u00fablico: Inscrita en el Registro Mercantil de M\u00e1laga Tomo 4913, Folio 1, Secci\u00f3n 8\u00aa, Hoja 159202, Inscripci\u00f3n 1\u00aa.<\/li>\n<li class=\"li3\">Tel\u00e9fono: 699297806<\/li>\n<li class=\"li2\">E-mail: info@marbellabanussuites.com<\/li>\n<\/ul>\n<p class=\"p2\">OBJETO<\/p>\n<p class=\"p2\">Mediante el presente texto ponemos a disposici\u00f3n de todos los usuarios y clientes las condiciones de uso y registro que son de aplicaci\u00f3n a\u00a0 https:\/\/www.marbellabanussuites.com\/, quedando reflejados en \u00e9ste todos los derechos y obligaciones que asisten a las partes.<\/p>\n<p class=\"p2\">Todos los usuarios que visitan o acceden a nuestra plataforma y\/o que utilizan alguno de los servicios que ponemos a disposici\u00f3n, aceptan las condiciones de uso y la pol\u00edtica de privacidad, as\u00ed como las diferentes modificaciones y\/o textos legales adicionales que sean incluidas en el futuro. En caso de no estar de acuerdo con alguna de las condiciones, puedes darte de baja del servicio en cualquier momento o en caso de no ser usuario registrado, abandonar la plataforma.<\/p>\n<p class=\"p2\">Junto a las presentes condiciones, cada uno de los servicios prestado puede quedar regulado por condiciones de uso y registro de car\u00e1cter particular, siendo obligatorio en todo caso que el usuario acepte las mismas expresamente antes de su utilizaci\u00f3n y\/o contrataci\u00f3n.<\/p>\n<p class=\"p2\">CONTRATACI\u00d3N ELECTR\u00d3NICA DE SERVICIOS<\/p>\n<p class=\"p2\">De conformidad con lo dispuesto en el art\u00edculo 23 y siguientes de la Ley 34\/2002 de servicios de la sociedad de la informaci\u00f3n y de comercio electr\u00f3nico, los contratos celebrados por v\u00eda electr\u00f3nica producir\u00e1n todos los efectos previstos por el ordenamiento jur\u00eddico, siempre que concurra el consentimiento de ambas partes y \u00e9ste pueda ser acreditado.<\/p>\n<p class=\"p2\">A estos efectos, se entender\u00e1 que el seguimiento de todas las fases del proceso de reserva y en su caso, el abono de la cantidad econ\u00f3mica correspondiente, implica necesariamente la prestaci\u00f3n del consentimiento expreso requerido para la contrataci\u00f3n del servicio.<\/p>\n<p class=\"p2\">Del mismo modo, y atendiendo a lo dispuesto en el art\u00edculo 27 de la Ley 34\/2002 de servicios de la sociedad de la informaci\u00f3n y de comercio electr\u00f3nico, se pone a disposici\u00f3n de los usuarios, de forma previa al inicio del procedimiento de contrataci\u00f3n toda la informaci\u00f3n relativa al mismo.<\/p>\n<p class=\"p2\">Las condiciones de contrataci\u00f3n indicadas a continuaci\u00f3n son de aplicaci\u00f3n directa a las reservas y estancias puestas a disposici\u00f3n a trav\u00e9s del portal web https:\/\/www.marbellabanussuites.com\/, salvo que expresamente se disponga lo contrario.<\/p>\n<p class=\"p2\">PROCEDIMIENTO DE RESERVA Y CONTRATACI\u00d3N<\/p>\n<p class=\"p2\">El procedimiento de reserva se lleva a cabo de forma completamente electr\u00f3nica a trav\u00e9s de nuestra plataforma, sin que exista en ning\u00fan momento presencia f\u00edsica de las partes y\/o transacci\u00f3n f\u00edsica externa.<\/p>\n<p class=\"p2\">Cualquier persona con acceso a Internet puede llevar a cabo la contrataci\u00f3n siempre y cuando sea mayor de 18 a\u00f1os<\/p>\n<p class=\"p2\">Las fases del procedimiento de contrataci\u00f3n son visibles para los usuarios a lo largo de todo el procedimiento de contrataci\u00f3n. Pueden diferenciarse 3 fases:<\/p>\n<ul class=\"ul1\">\n<li class=\"li3\">Identificaci\u00f3n del usuario.<\/li>\n<li class=\"li3\">Selecci\u00f3n de la reserva y forma de pago.<\/li>\n<li class=\"li2\">Confirmaci\u00f3n de la reserva<\/li>\n<\/ul>\n<p class=\"p2\">El usuario \u00fanicamente debe seleccionar\u00a0 el alojamiento y las fechas en las que desea reservasr\u00a0 y pulsar el bot\u00f3n de confirmaci\u00f3n de la reserva dispuesto al efecto. De esta forma, dar\u00e1 comienzo el procedimiento de contrataci\u00f3n que seguir\u00e1 siempre los pasos anteriormente indicados para todos los servicios disponibles.<\/p>\n<p class=\"p2\">Una vez seleccionado el establecimiento, la cantidad de noches, los impuestos aplicables, el precio total y el medio de pago, la plataforma mostrar\u00e1 al usuario un resumen de la contrataci\u00f3n realizada, junto a las condiciones de contrataci\u00f3n aplicables, que en todo caso deber\u00e1n ser expresamente aceptadas por el usuario para poder seguir el proceso de contrataci\u00f3n.<\/p>\n<p class=\"p2\">Una vez marcada la casilla de aceptaci\u00f3n de las condiciones de contrataci\u00f3n, en caso de haber seleccionado como forma de pago alguno de los medios electr\u00f3nicos, el usuario ser\u00e1 directamente redireccionado a la plataforma de pago externa correspondiente para realizar el pago, sin que https:\/\/www.marbellabanussuites.com\/ tenga posibilidad de acceder en ning\u00fan momento a los datos de tarjetas de cr\u00e9dito y\/o sistemas de pago del usuario.<\/p>\n<p class=\"p2\">La seguridad del procedimiento de pago se encuentra garantizada por parte de la entidad financiera.<\/p>\n<p class=\"p2\">Una vez finalizada la contrataci\u00f3n del servicio, se mostrar\u00e1 una pantalla resumen de la contrataci\u00f3n realizada.<\/p>\n<p class=\"p2\">En caso de haberse seleccionado el pago mediante tarjeta de cr\u00e9dito, \u00e9ste se llevar\u00e1 a cabo a trav\u00e9s de la TPV del banco, plataforma completamente ajena e independiente del prestador.<\/p>\n<p class=\"p2\">En el plazo m\u00e1ximo de 24 horas, el contratante del servicio recibir\u00e1 un correo electr\u00f3nico en el que se mostrar\u00e1 toda la informaci\u00f3n relativa a la reserva contratado. Este documento es la confirmaci\u00f3n de que la contrataci\u00f3n se ha realizado con \u00e9xito, siendo v\u00e1lida como medio de acreditaci\u00f3n para cualquier tipo de reclamaci\u00f3n, siempre y cuando se adjunte el justificante del pago correspondiente.<\/p>\n<p class=\"p2\">En el email de confirmaci\u00f3n encontrar\u00e1 la direcci\u00f3n exacta del apartamento, detalles de contacto, y el resto de instrucciones para la llegada y salida.<\/p>\n<p class=\"p2\">El prestador informa al usuario de que todas las contrataciones realizadas quedar\u00e1n registradas en un fichero para el control y gesti\u00f3n de reservas y contrataciones, en el que quedar\u00e1n reflejados junto a la informaci\u00f3n de los la reserva contratada, informaci\u00f3n adicional para garantizar la seguridad y evidencia de la correcta realizaci\u00f3n del procedimiento.<\/p>\n<p class=\"p2\">https:\/\/www.marbellabanussuites.com\/ no se hace responsable en caso de los fallos puntuales en la continuidad del servicio o en su caso en la falta de disponibilidad puntual del mismo.<\/p>\n<p class=\"p2\">En caso de que por motivos ajenos a nuestra voluntad las reservas o alojamientos no se encuentren disponibles tras la contrataci\u00f3n desde el momento de la notificaci\u00f3n de la incidencia, el usuario queda facultado para solicitar al prestador la rescisi\u00f3n del presente contrato y la devoluci\u00f3n de las cantidades econ\u00f3micas correspondientes a los servicios no disfrutados, que ser\u00e1n debidamente reembolsadas a trav\u00e9s del mismo medio que hubiera sido realizado el pago inicial o en su caso mediante transferencia bancaria.<\/p>\n<p class=\"p2\">En caso de que cualquiera de los contenidos accesibles a trav\u00e9s de la plataforma fueran contrarios a la normativa vigente, nos comprometemos a proceder a su retirada inmediata, tan pronto tengamos conocimiento y corroboremos los hechos.<\/p>\n<p class=\"p2\">POL\u00cdTICA DE CANCELACIONES<\/p>\n<p class=\"p2\">Estricta<\/p>\n<p class=\"p2\">Solo es posible el reembolso completo si faltan al menos 30 d\u00edas para la fecha de llegada y la cancelaci\u00f3n se produce durante las 48 horas siguientes a partir del momento de realizar la reserva. Se reembolsar\u00e1 el 50\u00a0% cuando la cancelaci\u00f3n tenga lugar 29 a 14 d\u00edas antes de la llegada como m\u00ednimo y la cancelaci\u00f3n se produce durante las 48 horas siguientes a partir del momento de realizar la reserva. Las cancelaciones que se realicen durante los d\u00edas previos a la llegada (menos de 14 d\u00edas) no son reembolsables.<\/p>\n<p class=\"p2\">RESERVA DEL APARTAMENTO<\/p>\n<p class=\"p2\">Se realiza el pago por la estad\u00eda completa al momento de la reserva.<\/p>\n<p class=\"p2\">FIANZA<\/p>\n<p class=\"p2\">El hu\u00e9sped asume la plena responsabilidad de los desperfectos y da\u00f1os que pueda hacer al inmueble arrendado as\u00ed como al contenido del mismo.<\/p>\n<p class=\"p6\">El importe de la fianza de 500\u20ac servir\u00e1 para cubrir, adem\u00e1s de los gastos se\u00f1alados en el apartado anterior, los siguientes conceptos a modo de indemnizaci\u00f3n:<\/p>\n<ul class=\"ul1\">\n<li class=\"li6\">Dejar basura en el piso: 25\u20ac<\/li>\n<li class=\"li6\">Dejar platos, vasos o cubiertos sucios: 25\u20ac<\/li>\n<li class=\"li6\">P\u00e9rdida de llaves: 75\u20ac<\/li>\n<li class=\"li6\">Fumar en el inmueble: 70\u20ac<\/li>\n<li class=\"li6\">Entrada de m\u00e1s personas a las indicadas en la reserva: 100\u20ac persona y d\u00eda.<\/li>\n<li class=\"li6\">Hacer fiestas o actividades molestas en el inmueble: 100\u20ac<\/li>\n<li class=\"li6\">Salida en horario posterior al check-out si no impide el uso al siguiente hu\u00e9sped: 50\u20ac por cada hora o fracci\u00f3n (salvo autorizaci\u00f3n escrita).<\/li>\n<li class=\"li6\">Salida en horario posterior al check-out si impide el uso al siguiente hu\u00e9sped: adem\u00e1s de los anterior, los gastos de realojamiento del siguiente hu\u00e9sped.<\/li>\n<li class=\"li6\">Objetos desaparecidos: Valor de reposici\u00f3n.<\/li>\n<li class=\"li6\">Si el importe de la fianza no cubriera los aspectos se\u00f1alados en los puntos anteriores el hu\u00e9sped se hace responsable personalmente de sufragar la diferencia.<\/li>\n<li class=\"li6\">En caso de existir m\u00e1s hu\u00e9spedes que asuman la responsabilidad de la fianza, firmaran al reverso de esta hoja, indicando los mismos datos exigidos al hu\u00e9sped principal, configur\u00e1ndose \u00e9stos como responsables solidarios de las obligaciones dimanadas de este documento.<\/li>\n<li class=\"li6\">El importe de la fianza ser\u00e1 devuelto el d\u00eda del check-out si se abona en efectivo y dentro de los 7 d\u00edas siguientes al mismo si se utilizara otro m\u00e9todo.<\/li>\n<li class=\"li2\"><span class=\"Apple-converted-space\">\u00a0 \u00a0 \u00a0 \u00a0 \u00a0 <\/span>La firma este documento implica la satisfacci\u00f3n con el estado de conservaci\u00f3n y limpieza del inmueble arrendado, as\u00ed como el correcto funcionamiento de todos los aparatos y electrodom\u00e9sticos.\u00bb<\/li>\n<\/ul>\n<p class=\"p2\">LLEGADA Y SALIDA<\/p>\n<p class=\"p2\">Llegada al apartamento: 17:00 a 22:00<\/p>\n<p class=\"p2\">Salida del apartamento: hasta 11:00 AM<\/p>\n<p class=\"p2\">LIMPIEZA DEL APARTAMENTO<\/p>\n<p class=\"p2\">Precio de limpieza del apartamento: 160,00\u20ac<\/p>\n<p class=\"p2\">COMPORTAMIENTO Y RESPONSABILIDADES<\/p>\n<p class=\"p6\">Descriptas en Fianza y estas son las normas adicionales:<\/p>\n<p class=\"p6\">No se permite ning\u00fan tipo de celebraci\u00f3n de fiesta o evento.<\/p>\n<p class=\"p6\">Terminantemente prohibido fumar.<\/p>\n<p class=\"p6\">Horas de silencio: 22:00 a 10:00 AM.<\/p>\n<p class=\"p6\">No se permite superar el m\u00e1ximo de hu\u00e9spedes establecidos.<\/p>\n<p class=\"p2\">DERECHOS DE PROPIEDAD INTELECTUAL E INDUSTRIAL<\/p>\n<p class=\"p2\">Desde https:\/\/www.marbellabanussuites.com\/ estamos profundamente comprometidos con la protecci\u00f3n de los derechos de propiedad intelectual. Es por ello que hemos establecido las siguientes condiciones y pol\u00edticas:<\/p>\n<p class=\"p2\">1. RELATIVOS A LA PLATAFORMA ONLINE<\/p>\n<p class=\"p2\">El prestador garantiza al usuario que es el leg\u00edtimo propietario de la plataforma y que \u00e9sta no se encuentra inmersa en ning\u00fan tipo de disputa legal previa a la firma del presente contrato.<\/p>\n<p class=\"p2\">El usuario reconoce expresamente que el prestador ostenta todo derecho, t\u00edtulo e inter\u00e9s sobre la plataforma y los desarrollos inform\u00e1ticos asociados al servicio, as\u00ed como sobre todos sus m\u00f3dulos, modificaciones y actualizaciones y sobre cualquier elemento y\/o funcionalidad que fuera desarrollada sobre la misma, con independencia de si \u00e9ste ha sido solicitado por el usuario o no. A estos efectos, se incluye sin limitaci\u00f3n alguna, el reconocimiento de la titularidad del prestador de todos los derechos de autor, propiedad intelectual, y\/o industrial, pudiendo explotar la plataforma, sin restricci\u00f3n alguna de naturaleza temporal, territorial, relativa a medios de difusi\u00f3n o modalidades de explotaci\u00f3n y sin m\u00e1s limitaciones que las establecidas en las leyes.<\/p>\n<p class=\"p2\">La estructura, caracter\u00edsticas, c\u00f3digos, m\u00e9todos de trabajo, sistemas de informaci\u00f3n e intercambio de la misma, herramientas de desarrollo, know-how, metodolog\u00edas, procesos, tecnolog\u00edas o algoritmos que constituyan y\/o puedan constituir la plataforma, son propiedad exclusiva del prestador, encontr\u00e1ndose debidamente protegidos por las leyes nacionales e internacionales de propiedad intelectual y\/o industrial, no pudiendo ser objeto de ulterior modificaci\u00f3n, copia, alteraci\u00f3n, reproducci\u00f3n, adaptaci\u00f3n o traducci\u00f3n por parte del usuario, sin que exista el previo consentimiento expreso por parte del prestador.<\/p>\n<p class=\"p2\">Del mismo modo, todos los manuales de uso, textos, dibujos gr\u00e1ficos, bases de datos, que complementan la plataforma y\/o los materiales asociados a \u00e9sta, son propiedad del prestador, sin que pueda ser objeto de ulterior modificaci\u00f3n, copia, alteraci\u00f3n, reproducci\u00f3n, adaptaci\u00f3n o traducci\u00f3n por parte del usuario.<\/p>\n<p class=\"p2\">La puesta a disposici\u00f3n en modo servicio de la plataforma o el mero acceso por parte del usuario no implica, en ning\u00fan caso, la cesi\u00f3n de su titularidad, ni la concesi\u00f3n de un derecho de uso a favor del usuario distinto del expresado en estas condiciones.<\/p>\n<p class=\"p2\">Con el fin de que el usuario pueda utilizar la plataforma, propiedad exclusiva del prestador, \u00e9sta cede en virtud del presente contrato una licencia de uso a favor del usuario de car\u00e1cter no exclusivo, de \u00e1mbito temporal limitado a cada periodo de conexi\u00f3n, de \u00e1mbito espacial ilimitado en la medida en que puede accederse desde cualquier equipo con Internet, intransferible, revocable y no sublicenciable.<\/p>\n<p class=\"p2\">En cualquier caso, queda absolutamente prohibida cualquier tipo de reproducci\u00f3n, imitaci\u00f3n, transmisi\u00f3n, traducci\u00f3n, modificaci\u00f3n, elaboraci\u00f3n de obra derivada y\/o comunicaci\u00f3n p\u00fablica, con independencia del medio empleado para ello, asumiendo en caso contrario el usuario infractor todas las responsabilidades directas o derivadas que pudieran llegar a producirse.<\/p>\n<p class=\"p2\">Para cualquier aspecto que no se encuentre expresamente reconocido en el presente contrato, se entender\u00e1 reservados todos los derechos a favor del prestador siendo necesaria la autorizaci\u00f3n escrita por parte de \u00e9ste para poder llevarlo a cabo.<\/p>\n<p class=\"p2\">2. RELATIVOS A LOS CONTENIDOS E INFORMACI\u00d3N DE LOS USUARIOS<\/p>\n<p class=\"p2\">Todos los contenidos e informaciones publicadas o gestionados por parte de los usuarios en la plataforma son propiedad exclusiva de \u00e9ste, siendo https:\/\/www.marbellabanussuites.com\/ un mero prestador de servicios de la sociedad de la informaci\u00f3n encargado del almacenamiento de datos.<\/p>\n<p class=\"p2\">El prestador no recibe ning\u00fan tipo de derecho de propiedad intelectual por el hecho de que el usuario los aloje o gestione en su plataforma, por lo que en ning\u00fan caso podr\u00e1 tratarlos para fines diferentes a los directamente relacionados con la prestaci\u00f3n de los servicios efectivamente contratados.<\/p>\n<p class=\"p2\">CONFIDENCIALIDAD Y PROTECCI\u00d3N DE DATOS<\/p>\n<p class=\"p2\">De conformidad con lo dispuesto por el Reglamento (UE) 2016\/679 del Parlamento Europeo y del Consejo, de 27 de abril de 2016, relativo a la protecci\u00f3n de las personas f\u00edsicas en lo que respecta al tratamiento de datos personales y a la libre circulaci\u00f3n de estos, todos los datos de car\u00e1cter personal facilitados ddurante la prestaci\u00f3n de los servicios ser\u00e1n tratados de conformidad con lo dispuesto en la Pol\u00edtica de Privacidad, que todo usuario debe aceptar expresamente y de forma previa para poder registrarse.<\/p>\n<p class=\"p2\">Todo usuario que acepte las presentes condiciones de uso, aceptan de forma informada, expresa e inequ\u00edvoca nuestra Pol\u00edtica de Privacidad, asisti\u00e9ndole en este sentido los derechos de acceso, rectificaci\u00f3n, cancelaci\u00f3n y oposici\u00f3n respecto a sus datos de car\u00e1cter personal, pudiendo ejercerlos seg\u00fan se informa en la mencionada Pol\u00edtica de Privacidad.<\/p>\n<p class=\"p2\">CONDICIONES TEMPORALES<\/p>\n<p class=\"p2\">Las presentes condiciones entrar\u00e1n en vigor en la fecha de la contrataci\u00f3n del servicio<\/p>\n<p class=\"p2\">CONDICIONES ECON\u00d3MICAS<\/p>\n<p class=\"p2\">Las tarifas aplicables a cada uno de los servicios ofrecidos a trav\u00e9s de la plataforma ser\u00e1n \u00fanica y exclusivamente aquellas que se encuentren publicadas en la plataforma online, siendo \u00e9stas las \u00fanicamente v\u00e1lidas, salvo error tipogr\u00e1fico o de transcripci\u00f3n, caso en el que el prestador se compromete a modificarlas inmediatamente.<\/p>\n<p class=\"p2\">El prestador se reserva el derecho a anular las contrataciones realizadas\u00a0 \u00a0desde el momento de su realizaci\u00f3n en caso de que detecte la existencia de errores tipogr\u00e1ficos o de transcripci\u00f3n en el precio y\/o los impuestos aplicados a la transacci\u00f3n.<\/p>\n<p class=\"p2\">El prestador se reserva el derecho a realizar cualquier tipo de modificaci\u00f3n sobre las tarifas de cada alojamiento, comprometi\u00e9ndose \u00e9ste a publicarlas en la plataforma de forma visible para los usuarios. Salvo disposici\u00f3n en contrario, la modificaci\u00f3n de tarifas no tendr\u00e1 car\u00e1cter retroactivo.<\/p>\n<p class=\"p2\">Las cantidades econ\u00f3micas \u00fanicamente podr\u00e1n ser abonadas mediante domiciliaci\u00f3n bancaria o mediante tarjeta de cr\u00e9dito, no contando en ning\u00fan momento el prestador con acceso a ning\u00fan dato bancario o de las tarjetas de cr\u00e9dito.<\/p>\n<p class=\"p2\">Todas las tarifas se ver\u00e1n incrementadas con el importe correspondiente a los impuestos vigentes en la fecha de emisi\u00f3n de la factura, quedando debidamente reflejados en el resumen de cada compra.<\/p>\n<p class=\"p2\">SERVICIO DE ATENCI\u00d3N AL CLIENTE<\/p>\n<ul class=\"ul1\">\n<li class=\"li3\">Horario: Lunes a S\u00e1bado de 10:00 a 20:00<\/li>\n<li class=\"li3\">Tel\u00e9fono: 699297806<\/li>\n<li class=\"li2\">Email: info@marbellabanussuites.com<\/li>\n<\/ul>\n<p class=\"p2\">EXTINCI\u00d3N DEL CONTRATO<\/p>\n<p class=\"p2\">El presente contrato puede ser extinguido siempre que se produzca alguna de las siguientes circunstancias:<\/p>\n<ul class=\"ul1\">\n<li class=\"li3\">Incumplimiento de las obligaciones dispuestas en el presente contrato.<\/li>\n<li class=\"li3\">Por el transcurso de su plazo de duraci\u00f3n<\/li>\n<li class=\"li3\">En caso de que no se abonen conforme a los plazos y forma acordados las cantidades econ\u00f3micas correspondientes. La reserva\u00a0 ser\u00e1 autom\u00e1ticamente bloqueado el d\u00eda siguiente al momento en que se produzca el impago. Para su reactivaci\u00f3n \u00fanicamente ser\u00e1 necesario realizar el abono de la cantidad econ\u00f3mica que corresponda.<\/li>\n<li class=\"li3\">La disoluci\u00f3n, liquidaci\u00f3n o p\u00e9rdida de personalidad jur\u00eddica .<\/li>\n<li class=\"li2\">Cualquier cambio o variaci\u00f3n sustancial de las condiciones esenciales que fueron indicadas en el presente contrato para llevar a cabo la celebraci\u00f3n del presente contrato.<\/li>\n<\/ul>\n<p class=\"p2\">RESOLUCION EXTRAJUDICIAL DE CONFLICTOS<\/p>\n<p class=\"p2\">Asimismo, en los t\u00e9rminos que se recogen en el art\u00edculo 14 del Reglamento UE 524\/2013, sobre resoluci\u00f3n de litigios en materia de consumo, se proporciona un enlace directo a la plataforma de resoluci\u00f3n de litigios en l\u00ednea: https:\/\/ec.europa.eu\/consumers\/odr\/main\/index.cfm<\/p>\n<p class=\"p2\">LEY APLICABLE Y JURISDICCI\u00d3N<\/p>\n<p class=\"p2\">Para cualquier controversia o conflicto que pudiera surgir, derivado de estos t\u00e9rminos o condiciones, resultar\u00e1 de aplicaci\u00f3n la Ley Espa\u00f1ola. La resoluci\u00f3n de los conflictos judiciales se someter\u00e1 a la competencia de los Juzgados y Tribunales del domicilio del usuario o cliente.<\/p>\n<p class=\"p2\">REV: 05\/07\/2021<\/p>\n","protected":false},"excerpt":{"rendered":"<p>T\u00c9RMINOS Y CONDICIONES DEL SERVICIO IDENTIFICADOR DEL PRESTADOR Titular: MBS Suites Marbella S.L.. Domicilio social: C\/ Conjunto Hacienda El Palmeral, Fase 2 15 &#8211; Marbella &#8211; 29660 (M\u00e1laga) CIF\/NIF: B42810853 Registro P\u00fablico: Inscrita en el Registro Mercantil de M\u00e1laga Tomo 4913, Folio 1, Secci\u00f3n 8\u00aa, Hoja 159202, Inscripci\u00f3n 1\u00aa. Tel\u00e9fono: 699297806 E-mail: info@marbellabanussuites.com OBJETO Mediante &#8230;<\/p>\n","protected":false},"author":1,"featured_media":0,"parent":0,"menu_order":0,"comment_status":"closed","ping_status":"closed","template":"terms_conditions.php","meta":{"inline_featured_image":false,"_joinchat":[],"footnotes":""},"class_list":["post-84550","page","type-page","status-publish","hentry"],"_links":{"self":[{"href":"https:\/\/marbellabanussuites.com\/es\/wp-json\/wp\/v2\/pages\/84550","targetHints":{"allow":["GET"]}}],"collection":[{"href":"https:\/\/marbellabanussuites.com\/es\/wp-json\/wp\/v2\/pages"}],"about":[{"href":"https:\/\/marbellabanussuites.com\/es\/wp-json\/wp\/v2\/types\/page"}],"author":[{"embeddable":true,"href":"https:\/\/marbellabanussuites.com\/es\/wp-json\/wp\/v2\/users\/1"}],"replies":[{"embeddable":true,"href":"https:\/\/marbellabanussuites.com\/es\/wp-json\/wp\/v2\/comments?post=84550"}],"version-history":[{"count":0,"href":"https:\/\/marbellabanussuites.com\/es\/wp-json\/wp\/v2\/pages\/84550\/revisions"}],"wp:attachment":[{"href":"https:\/\/marbellabanussuites.com\/es\/wp-json\/wp\/v2\/media?parent=84550"}],"curies":[{"name":"wp","href":"https:\/\/api.w.org\/{rel}","templated":true}]}}